{"id":12489,"date":"2017-02-20T20:57:21","date_gmt":"2017-02-20T19:57:21","guid":{"rendered":"https:\/\/dev.gjende.no\/?page_id=12489\/"},"modified":"2024-11-25T19:14:16","modified_gmt":"2024-11-25T18:14:16","slug":"frequently-asked-questions","status":"publish","type":"page","link":"https:\/\/dev.gjende.no\/en\/some-practical-information\/frequently-asked-questions\/","title":{"rendered":"Frequently asked questions"},"content":{"rendered":"<p><strong>Can I book a place?<\/strong><\/p>\n<ul>\n<li>Yes, you should!<\/li>\n<\/ul>\n<p><strong>Can I use a credit card to pay on the boat?<\/strong><\/p>\n<ul>\n<li>Yes!<\/li>\n<\/ul>\n<p><strong>Can I take a dog on board?<\/strong><\/p>\n<ul>\n<li>Yes, absolutely. It\u00b4s free of charge, but your dog must stay out on deck.<\/li>\n<\/ul>\n<p><strong>What is the telephone number for the car park at Gjendeosen?<\/strong><\/p>\n<ul>\n<li>41862785<\/li>\n<\/ul>\n<p><strong>Does everyone get on?<\/strong><\/p>\n<ul>\n<li>If you have booked a departure, you will get your place on that departure.<\/li>\n<\/ul>\n<p><strong>When does the last boat leave?<\/strong><\/p>\n<ul>\n<li>The last boat back to Gjendesheim from Memurubu is at 16:50. In high season 17:55.<\/li>\n<\/ul>\n<p><strong>I use a wheelchair, can I travel with you?<\/strong><\/p>\n<ul>\n<li>Yes!\u00a0Contact us in advance.<\/li>\n<\/ul>\n","protected":false},"excerpt":{"rendered":"<p>Can I book a place? Yes, you should! Can I use a credit card to pay on the boat? Yes! Can I take a dog on board? Yes, absolutely. It\u00b4s free of charge, but your dog must stay out on deck. What is the telephone number for the car park at Gjendeosen? 41862785 Does everyone [&hellip;]<\/p>\n","protected":false},"author":1,"featured_media":129755,"parent":12483,"menu_order":0,"comment_status":"open","ping_status":"open","template":"","meta":{"_acf_changed":false,"footnotes":""},"class_list":["post-12489","page","type-page","status-publish","has-post-thumbnail","hentry"],"acf":[],"yoast_head":"<!-- This site is optimized with the Yoast SEO plugin v27.3 - https:\/\/yoast.com\/product\/yoast-seo-wordpress\/ -->\n<title>Frequently asked questions - Gjendeb\u00e5tene<\/title>\n<meta name=\"description\" content=\"Some questions are asked more often than others. Here are answers to some of the most frequently asked ones.\" \/>\n<meta name=\"robots\" content=\"index, follow, max-snippet:-1, max-image-preview:large, max-video-preview:-1\" \/>\n<link rel=\"canonical\" href=\"https:\/\/dev.gjende.no\/informasjon\/ofte-stilte-sporsmal\/\" \/>\n<meta property=\"og:locale\" content=\"en_US\" \/>\n<meta property=\"og:type\" content=\"article\" \/>\n<meta property=\"og:title\" content=\"Frequently asked questions - Gjendeb\u00e5tene\" \/>\n<meta property=\"og:description\" content=\"Some questions are asked more often than others. Here are answers to some of the most frequently asked ones.\" \/>\n<meta property=\"og:url\" content=\"https:\/\/dev.gjende.no\/informasjon\/ofte-stilte-sporsmal\/\" \/>\n<meta property=\"og:site_name\" content=\"Gjendeb\u00e5tene\" \/>\n<meta property=\"article:modified_time\" content=\"2024-11-25T18:14:16+00:00\" \/>\n<meta property=\"og:image\" content=\"https:\/\/dev.gjende.no\/wp-content\/uploads\/2021\/01\/billettor-gjendebatene.jpg\" \/>\n\t<meta property=\"og:image:width\" content=\"2000\" \/>\n\t<meta property=\"og:image:height\" content=\"1333\" \/>\n\t<meta property=\"og:image:type\" content=\"image\/jpeg\" \/>\n<meta name=\"twitter:card\" content=\"summary_large_image\" \/>\n<meta name=\"twitter:label1\" content=\"Est. reading time\" \/>\n\t<meta name=\"twitter:data1\" content=\"1 minute\" \/>\n<script type=\"application\/ld+json\" class=\"yoast-schema-graph\">{\"@context\":\"https:\\\/\\\/schema.org\",\"@graph\":[{\"@type\":\"WebPage\",\"@id\":\"https:\\\/\\\/dev.gjende.no\\\/informasjon\\\/ofte-stilte-sporsmal\\\/\",\"url\":\"https:\\\/\\\/dev.gjende.no\\\/informasjon\\\/ofte-stilte-sporsmal\\\/\",\"name\":\"Frequently asked questions - Gjendeb\u00e5tene\",\"isPartOf\":{\"@id\":\"https:\\\/\\\/dev.gjende.no\\\/#website\"},\"primaryImageOfPage\":{\"@id\":\"https:\\\/\\\/dev.gjende.no\\\/informasjon\\\/ofte-stilte-sporsmal\\\/#primaryimage\"},\"image\":{\"@id\":\"https:\\\/\\\/dev.gjende.no\\\/informasjon\\\/ofte-stilte-sporsmal\\\/#primaryimage\"},\"thumbnailUrl\":\"https:\\\/\\\/dev.gjende.no\\\/wp-content\\\/uploads\\\/2021\\\/01\\\/billettor-gjendebatene.jpg\",\"datePublished\":\"2017-02-20T19:57:21+00:00\",\"dateModified\":\"2024-11-25T18:14:16+00:00\",\"description\":\"Some questions are asked more often than others. Here are answers to some of the most frequently asked ones.\",\"breadcrumb\":{\"@id\":\"https:\\\/\\\/dev.gjende.no\\\/informasjon\\\/ofte-stilte-sporsmal\\\/#breadcrumb\"},\"inLanguage\":\"en-US\",\"potentialAction\":[{\"@type\":\"ReadAction\",\"target\":[\"https:\\\/\\\/dev.gjende.no\\\/informasjon\\\/ofte-stilte-sporsmal\\\/\"]}]},{\"@type\":\"ImageObject\",\"inLanguage\":\"en-US\",\"@id\":\"https:\\\/\\\/dev.gjende.no\\\/informasjon\\\/ofte-stilte-sporsmal\\\/#primaryimage\",\"url\":\"https:\\\/\\\/dev.gjende.no\\\/wp-content\\\/uploads\\\/2021\\\/01\\\/billettor-gjendebatene.jpg\",\"contentUrl\":\"https:\\\/\\\/dev.gjende.no\\\/wp-content\\\/uploads\\\/2021\\\/01\\\/billettor-gjendebatene.jpg\",\"width\":2000,\"height\":1333,\"caption\":\"billett\u00f8r p\u00e5 gjendeb\u00e5tene som hjelper person som skal ta b\u00e5ten\"},{\"@type\":\"BreadcrumbList\",\"@id\":\"https:\\\/\\\/dev.gjende.no\\\/informasjon\\\/ofte-stilte-sporsmal\\\/#breadcrumb\",\"itemListElement\":[{\"@type\":\"ListItem\",\"position\":1,\"name\":\"Hjem\",\"item\":\"https:\\\/\\\/dev.gjende.no\\\/\"},{\"@type\":\"ListItem\",\"position\":2,\"name\":\"Some practical information\",\"item\":\"https:\\\/\\\/dev.gjende.no\\\/informasjon\\\/\"},{\"@type\":\"ListItem\",\"position\":3,\"name\":\"Frequently asked questions\"}]},{\"@type\":\"WebSite\",\"@id\":\"https:\\\/\\\/dev.gjende.no\\\/#website\",\"url\":\"https:\\\/\\\/dev.gjende.no\\\/\",\"name\":\"Gjendeb\u00e5tene\",\"description\":\"Velkommen til Gjende og Jotunheimen\",\"potentialAction\":[{\"@type\":\"SearchAction\",\"target\":{\"@type\":\"EntryPoint\",\"urlTemplate\":\"https:\\\/\\\/dev.gjende.no\\\/?s={search_term_string}\"},\"query-input\":{\"@type\":\"PropertyValueSpecification\",\"valueRequired\":true,\"valueName\":\"search_term_string\"}}],\"inLanguage\":\"en-US\"}]}<\/script>\n<!-- \/ Yoast SEO plugin. -->","yoast_head_json":{"title":"Frequently asked questions - Gjendeb\u00e5tene","description":"Some questions are asked more often than others. Here are answers to some of the most frequently asked ones.","robots":{"index":"index","follow":"follow","max-snippet":"max-snippet:-1","max-image-preview":"max-image-preview:large","max-video-preview":"max-video-preview:-1"},"canonical":"https:\/\/dev.gjende.no\/informasjon\/ofte-stilte-sporsmal\/","og_locale":"en_US","og_type":"article","og_title":"Frequently asked questions - Gjendeb\u00e5tene","og_description":"Some questions are asked more often than others. Here are answers to some of the most frequently asked ones.","og_url":"https:\/\/dev.gjende.no\/informasjon\/ofte-stilte-sporsmal\/","og_site_name":"Gjendeb\u00e5tene","article_modified_time":"2024-11-25T18:14:16+00:00","og_image":[{"width":2000,"height":1333,"url":"https:\/\/dev.gjende.no\/wp-content\/uploads\/2021\/01\/billettor-gjendebatene.jpg","type":"image\/jpeg"}],"twitter_card":"summary_large_image","twitter_misc":{"Est. reading time":"1 minute"},"schema":{"@context":"https:\/\/schema.org","@graph":[{"@type":"WebPage","@id":"https:\/\/dev.gjende.no\/informasjon\/ofte-stilte-sporsmal\/","url":"https:\/\/dev.gjende.no\/informasjon\/ofte-stilte-sporsmal\/","name":"Frequently asked questions - Gjendeb\u00e5tene","isPartOf":{"@id":"https:\/\/dev.gjende.no\/#website"},"primaryImageOfPage":{"@id":"https:\/\/dev.gjende.no\/informasjon\/ofte-stilte-sporsmal\/#primaryimage"},"image":{"@id":"https:\/\/dev.gjende.no\/informasjon\/ofte-stilte-sporsmal\/#primaryimage"},"thumbnailUrl":"https:\/\/dev.gjende.no\/wp-content\/uploads\/2021\/01\/billettor-gjendebatene.jpg","datePublished":"2017-02-20T19:57:21+00:00","dateModified":"2024-11-25T18:14:16+00:00","description":"Some questions are asked more often than others. Here are answers to some of the most frequently asked ones.","breadcrumb":{"@id":"https:\/\/dev.gjende.no\/informasjon\/ofte-stilte-sporsmal\/#breadcrumb"},"inLanguage":"en-US","potentialAction":[{"@type":"ReadAction","target":["https:\/\/dev.gjende.no\/informasjon\/ofte-stilte-sporsmal\/"]}]},{"@type":"ImageObject","inLanguage":"en-US","@id":"https:\/\/dev.gjende.no\/informasjon\/ofte-stilte-sporsmal\/#primaryimage","url":"https:\/\/dev.gjende.no\/wp-content\/uploads\/2021\/01\/billettor-gjendebatene.jpg","contentUrl":"https:\/\/dev.gjende.no\/wp-content\/uploads\/2021\/01\/billettor-gjendebatene.jpg","width":2000,"height":1333,"caption":"billett\u00f8r p\u00e5 gjendeb\u00e5tene som hjelper person som skal ta b\u00e5ten"},{"@type":"BreadcrumbList","@id":"https:\/\/dev.gjende.no\/informasjon\/ofte-stilte-sporsmal\/#breadcrumb","itemListElement":[{"@type":"ListItem","position":1,"name":"Hjem","item":"https:\/\/dev.gjende.no\/"},{"@type":"ListItem","position":2,"name":"Some practical information","item":"https:\/\/dev.gjende.no\/informasjon\/"},{"@type":"ListItem","position":3,"name":"Frequently asked questions"}]},{"@type":"WebSite","@id":"https:\/\/dev.gjende.no\/#website","url":"https:\/\/dev.gjende.no\/","name":"Gjendeb\u00e5tene","description":"Velkommen til Gjende og Jotunheimen","potentialAction":[{"@type":"SearchAction","target":{"@type":"EntryPoint","urlTemplate":"https:\/\/dev.gjende.no\/?s={search_term_string}"},"query-input":{"@type":"PropertyValueSpecification","valueRequired":true,"valueName":"search_term_string"}}],"inLanguage":"en-US"}]}},"_links":{"self":[{"href":"https:\/\/dev.gjende.no\/en\/wp-json\/wp\/v2\/pages\/12489","targetHints":{"allow":["GET"]}}],"collection":[{"href":"https:\/\/dev.gjende.no\/en\/wp-json\/wp\/v2\/pages"}],"about":[{"href":"https:\/\/dev.gjende.no\/en\/wp-json\/wp\/v2\/types\/page"}],"author":[{"embeddable":true,"href":"https:\/\/dev.gjende.no\/en\/wp-json\/wp\/v2\/users\/1"}],"replies":[{"embeddable":true,"href":"https:\/\/dev.gjende.no\/en\/wp-json\/wp\/v2\/comments?post=12489"}],"version-history":[{"count":0,"href":"https:\/\/dev.gjende.no\/en\/wp-json\/wp\/v2\/pages\/12489\/revisions"}],"up":[{"embeddable":true,"href":"https:\/\/dev.gjende.no\/en\/wp-json\/wp\/v2\/pages\/12483"}],"wp:featuredmedia":[{"embeddable":true,"href":"https:\/\/dev.gjende.no\/en\/wp-json\/wp\/v2\/media\/129755"}],"wp:attachment":[{"href":"https:\/\/dev.gjende.no\/en\/wp-json\/wp\/v2\/media?parent=12489"}],"curies":[{"name":"wp","href":"https:\/\/api.w.org\/{rel}","templated":true}]}}