{"id":12377,"date":"2017-02-15T07:58:01","date_gmt":"2017-02-15T06:58:01","guid":{"rendered":"https:\/\/stage.gjende.no\/?page_id=12377"},"modified":"2022-09-03T16:11:44","modified_gmt":"2022-09-03T14:11:44","slug":"about-us","status":"publish","type":"page","link":"https:\/\/dev.gjende.no\/en\/about-us\/","title":{"rendered":"Family run for more than 100 years"},"content":{"rendered":"<p>Harald was born and grew up in V\u00e5g\u00e5\/Gjende. He got boating with his mother&#8217;s milk and stopped using a dummy when it fell into the lake from the old wooden boat. He is easy to recognise from his characteristic gait, dark beard and his height. Harald is a carpenter by trade and has his own company, where he works in the winter.<\/p>\n<p>Johan and Iver are Harald and two sons. Johan and Iver can often be seen on the quayside and the boats. Otherwise you can often see them racing past, Johan in a boat and Iver on his scooter. Kaia the dog can usually be found wherever things are happening.<\/p>\n<p>Welcome!<\/p>\n","protected":false},"excerpt":{"rendered":"<p>Harald was born and grew up in V\u00e5g\u00e5\/Gjende. He got boating with his mother&#8217;s milk and stopped using a dummy when it fell into the lake from the old wooden boat. He is easy to recognise from his characteristic gait, dark beard and his height. Harald is a carpenter by trade and has his own [&hellip;]<\/p>\n","protected":false},"author":1,"featured_media":129729,"parent":0,"menu_order":0,"comment_status":"open","ping_status":"open","template":"","meta":{"_acf_changed":false,"footnotes":""},"class_list":["post-12377","page","type-page","status-publish","has-post-thumbnail","hentry"],"acf":[],"yoast_head":"<!-- This site is optimized with the Yoast SEO plugin v27.3 - https:\/\/yoast.com\/product\/yoast-seo-wordpress\/ -->\n<title>Family run for more than 100 years - Gjendeb\u00e5tene<\/title>\n<meta name=\"description\" content=\"Ever since Ole \u00d8vstedal set out on his first trip on 1 July 1906, there has always been an \u00d8vstedal at the wheel of the Gjende boats.\" \/>\n<meta name=\"robots\" content=\"index, follow, max-snippet:-1, max-image-preview:large, max-video-preview:-1\" \/>\n<link rel=\"canonical\" href=\"https:\/\/dev.gjende.no\/om-oss\/\" \/>\n<meta property=\"og:locale\" content=\"en_US\" \/>\n<meta property=\"og:type\" content=\"article\" \/>\n<meta property=\"og:title\" content=\"Family run for more than 100 years - Gjendeb\u00e5tene\" \/>\n<meta property=\"og:description\" content=\"Ever since Ole \u00d8vstedal set out on his first trip on 1 July 1906, there has always been an \u00d8vstedal at the wheel of the Gjende boats.\" \/>\n<meta property=\"og:url\" content=\"https:\/\/dev.gjende.no\/om-oss\/\" \/>\n<meta property=\"og:site_name\" content=\"Gjendeb\u00e5tene\" \/>\n<meta property=\"article:modified_time\" content=\"2022-09-03T14:11:44+00:00\" \/>\n<meta property=\"og:image\" content=\"https:\/\/dev.gjende.no\/wp-content\/uploads\/2021\/01\/harald-rune-ovstedal-gjendebatene.jpg\" \/>\n\t<meta property=\"og:image:width\" content=\"1900\" \/>\n\t<meta property=\"og:image:height\" content=\"1267\" \/>\n\t<meta property=\"og:image:type\" content=\"image\/jpeg\" \/>\n<meta name=\"twitter:card\" content=\"summary_large_image\" \/>\n<meta name=\"twitter:label1\" content=\"Est. reading time\" \/>\n\t<meta name=\"twitter:data1\" content=\"1 minute\" \/>\n<script type=\"application\/ld+json\" class=\"yoast-schema-graph\">{\"@context\":\"https:\\\/\\\/schema.org\",\"@graph\":[{\"@type\":\"WebPage\",\"@id\":\"https:\\\/\\\/dev.gjende.no\\\/om-oss\\\/\",\"url\":\"https:\\\/\\\/dev.gjende.no\\\/om-oss\\\/\",\"name\":\"Family run for more than 100 years - Gjendeb\u00e5tene\",\"isPartOf\":{\"@id\":\"https:\\\/\\\/dev.gjende.no\\\/#website\"},\"primaryImageOfPage\":{\"@id\":\"https:\\\/\\\/dev.gjende.no\\\/om-oss\\\/#primaryimage\"},\"image\":{\"@id\":\"https:\\\/\\\/dev.gjende.no\\\/om-oss\\\/#primaryimage\"},\"thumbnailUrl\":\"https:\\\/\\\/dev.gjende.no\\\/wp-content\\\/uploads\\\/2021\\\/01\\\/harald-rune-ovstedal-gjendebatene.jpg\",\"datePublished\":\"2017-02-15T06:58:01+00:00\",\"dateModified\":\"2022-09-03T14:11:44+00:00\",\"description\":\"Ever since Ole \u00d8vstedal set out on his first trip on 1 July 1906, there has always been an \u00d8vstedal at the wheel of the Gjende boats.\",\"breadcrumb\":{\"@id\":\"https:\\\/\\\/dev.gjende.no\\\/om-oss\\\/#breadcrumb\"},\"inLanguage\":\"en-US\",\"potentialAction\":[{\"@type\":\"ReadAction\",\"target\":[\"https:\\\/\\\/dev.gjende.no\\\/om-oss\\\/\"]}]},{\"@type\":\"ImageObject\",\"inLanguage\":\"en-US\",\"@id\":\"https:\\\/\\\/dev.gjende.no\\\/om-oss\\\/#primaryimage\",\"url\":\"https:\\\/\\\/dev.gjende.no\\\/wp-content\\\/uploads\\\/2021\\\/01\\\/harald-rune-ovstedal-gjendebatene.jpg\",\"contentUrl\":\"https:\\\/\\\/dev.gjende.no\\\/wp-content\\\/uploads\\\/2021\\\/01\\\/harald-rune-ovstedal-gjendebatene.jpg\",\"width\":1900,\"height\":1267,\"caption\":\"Harald Rune \u00d8vstedal i b\u00e5t over Gjende\"},{\"@type\":\"BreadcrumbList\",\"@id\":\"https:\\\/\\\/dev.gjende.no\\\/om-oss\\\/#breadcrumb\",\"itemListElement\":[{\"@type\":\"ListItem\",\"position\":1,\"name\":\"Hjem\",\"item\":\"https:\\\/\\\/dev.gjende.no\\\/\"},{\"@type\":\"ListItem\",\"position\":2,\"name\":\"Family run for more than 100 years\"}]},{\"@type\":\"WebSite\",\"@id\":\"https:\\\/\\\/dev.gjende.no\\\/#website\",\"url\":\"https:\\\/\\\/dev.gjende.no\\\/\",\"name\":\"Gjendeb\u00e5tene\",\"description\":\"Velkommen til Gjende og Jotunheimen\",\"potentialAction\":[{\"@type\":\"SearchAction\",\"target\":{\"@type\":\"EntryPoint\",\"urlTemplate\":\"https:\\\/\\\/dev.gjende.no\\\/?s={search_term_string}\"},\"query-input\":{\"@type\":\"PropertyValueSpecification\",\"valueRequired\":true,\"valueName\":\"search_term_string\"}}],\"inLanguage\":\"en-US\"}]}<\/script>\n<!-- \/ Yoast SEO plugin. -->","yoast_head_json":{"title":"Family run for more than 100 years - Gjendeb\u00e5tene","description":"Ever since Ole \u00d8vstedal set out on his first trip on 1 July 1906, there has always been an \u00d8vstedal at the wheel of the Gjende boats.","robots":{"index":"index","follow":"follow","max-snippet":"max-snippet:-1","max-image-preview":"max-image-preview:large","max-video-preview":"max-video-preview:-1"},"canonical":"https:\/\/dev.gjende.no\/om-oss\/","og_locale":"en_US","og_type":"article","og_title":"Family run for more than 100 years - Gjendeb\u00e5tene","og_description":"Ever since Ole \u00d8vstedal set out on his first trip on 1 July 1906, there has always been an \u00d8vstedal at the wheel of the Gjende boats.","og_url":"https:\/\/dev.gjende.no\/om-oss\/","og_site_name":"Gjendeb\u00e5tene","article_modified_time":"2022-09-03T14:11:44+00:00","og_image":[{"width":1900,"height":1267,"url":"https:\/\/dev.gjende.no\/wp-content\/uploads\/2021\/01\/harald-rune-ovstedal-gjendebatene.jpg","type":"image\/jpeg"}],"twitter_card":"summary_large_image","twitter_misc":{"Est. reading time":"1 minute"},"schema":{"@context":"https:\/\/schema.org","@graph":[{"@type":"WebPage","@id":"https:\/\/dev.gjende.no\/om-oss\/","url":"https:\/\/dev.gjende.no\/om-oss\/","name":"Family run for more than 100 years - Gjendeb\u00e5tene","isPartOf":{"@id":"https:\/\/dev.gjende.no\/#website"},"primaryImageOfPage":{"@id":"https:\/\/dev.gjende.no\/om-oss\/#primaryimage"},"image":{"@id":"https:\/\/dev.gjende.no\/om-oss\/#primaryimage"},"thumbnailUrl":"https:\/\/dev.gjende.no\/wp-content\/uploads\/2021\/01\/harald-rune-ovstedal-gjendebatene.jpg","datePublished":"2017-02-15T06:58:01+00:00","dateModified":"2022-09-03T14:11:44+00:00","description":"Ever since Ole \u00d8vstedal set out on his first trip on 1 July 1906, there has always been an \u00d8vstedal at the wheel of the Gjende boats.","breadcrumb":{"@id":"https:\/\/dev.gjende.no\/om-oss\/#breadcrumb"},"inLanguage":"en-US","potentialAction":[{"@type":"ReadAction","target":["https:\/\/dev.gjende.no\/om-oss\/"]}]},{"@type":"ImageObject","inLanguage":"en-US","@id":"https:\/\/dev.gjende.no\/om-oss\/#primaryimage","url":"https:\/\/dev.gjende.no\/wp-content\/uploads\/2021\/01\/harald-rune-ovstedal-gjendebatene.jpg","contentUrl":"https:\/\/dev.gjende.no\/wp-content\/uploads\/2021\/01\/harald-rune-ovstedal-gjendebatene.jpg","width":1900,"height":1267,"caption":"Harald Rune \u00d8vstedal i b\u00e5t over Gjende"},{"@type":"BreadcrumbList","@id":"https:\/\/dev.gjende.no\/om-oss\/#breadcrumb","itemListElement":[{"@type":"ListItem","position":1,"name":"Hjem","item":"https:\/\/dev.gjende.no\/"},{"@type":"ListItem","position":2,"name":"Family run for more than 100 years"}]},{"@type":"WebSite","@id":"https:\/\/dev.gjende.no\/#website","url":"https:\/\/dev.gjende.no\/","name":"Gjendeb\u00e5tene","description":"Velkommen til Gjende og Jotunheimen","potentialAction":[{"@type":"SearchAction","target":{"@type":"EntryPoint","urlTemplate":"https:\/\/dev.gjende.no\/?s={search_term_string}"},"query-input":{"@type":"PropertyValueSpecification","valueRequired":true,"valueName":"search_term_string"}}],"inLanguage":"en-US"}]}},"_links":{"self":[{"href":"https:\/\/dev.gjende.no\/en\/wp-json\/wp\/v2\/pages\/12377","targetHints":{"allow":["GET"]}}],"collection":[{"href":"https:\/\/dev.gjende.no\/en\/wp-json\/wp\/v2\/pages"}],"about":[{"href":"https:\/\/dev.gjende.no\/en\/wp-json\/wp\/v2\/types\/page"}],"author":[{"embeddable":true,"href":"https:\/\/dev.gjende.no\/en\/wp-json\/wp\/v2\/users\/1"}],"replies":[{"embeddable":true,"href":"https:\/\/dev.gjende.no\/en\/wp-json\/wp\/v2\/comments?post=12377"}],"version-history":[{"count":0,"href":"https:\/\/dev.gjende.no\/en\/wp-json\/wp\/v2\/pages\/12377\/revisions"}],"wp:featuredmedia":[{"embeddable":true,"href":"https:\/\/dev.gjende.no\/en\/wp-json\/wp\/v2\/media\/129729"}],"wp:attachment":[{"href":"https:\/\/dev.gjende.no\/en\/wp-json\/wp\/v2\/media?parent=12377"}],"curies":[{"name":"wp","href":"https:\/\/api.w.org\/{rel}","templated":true}]}}