{"id":40669,"date":"2018-01-16T11:28:06","date_gmt":"2018-01-16T10:28:06","guid":{"rendered":"https:\/\/www.gjende.no\/?page_id=40669"},"modified":"2024-10-08T18:43:11","modified_gmt":"2024-10-08T16:43:11","slug":"praktische-info-und-preise","status":"publish","type":"page","link":"https:\/\/dev.gjende.no\/de\/praktische-info-und-preise\/","title":{"rendered":"Praktische Info und Preise"},"content":{"rendered":"<h2>Fahrkarten<\/h2>\n<ul>\n<li><strong>Kauf deine Fahrkahrte bevor du kommst: <\/strong>Habe einen garantierten Platz f\u00fcr<br \/>\nDeine gew\u00fcnschte Abfahrtszeit und erspare Dir das Schlange stehen \u2013<br \/>\nkauf Dein Ticket im Internet vorher. <a href=\"https:\/\/www.gjende.no\/rutetabell\/\">Finde Deine Abfahrtszeit hier!<\/a><\/li>\n<li><strong>Hin- und R\u00fcckfahrkarte:<\/strong> Hin- und R\u00fcckfahrkarten m\u00fcssen am selben Tag benutzt werden. <a href=\"https:\/\/www.gjende.no\/rutetabell\/\">Finde Deine Abfahrtszeit hier!<\/a><\/li>\n<li><strong>Kaufe dein Ticket am Schiff: <\/strong>Hast Du Dir keine Fahrkarte im Internet gekauft, musst Du Dich anstellen und hoffen, dass das Schiff nicht ausgebucht ist.<\/li>\n<\/ul>\n<p>Hier und da ist der Empfang im Fjell f\u00fcr das Handy schlecht oder nicht vorhanden, darum solltest Du ein Screenshot von der Fahrkarte machen oder einen Ausdruck dabei haben. Dann kannst Du sicher sein, das Ticket<br \/>\nvorzeigen zu k\u00f6nnen.<\/p>\n<p><strong>Gjendesheim &#8211; Memurubu<\/strong><\/p>\n<ul>\n<li>Einfache Fahrt: Erwachsene 240,- \/ Kinder 120,-<\/li>\n<li>Hin- und R\u00fcckfahrt am gleichen Tag: Erwachsene 260,- \/ Kinder 130,-<\/li>\n<li>Gep\u00e4ck: 70,-<\/li>\n<\/ul>\n<p><strong>Gjendesheim &#8211; Gjendebu<\/strong><\/p>\n<ul>\n<li>Einfache Fahrt: Erwachsene 300,- \/ Kinder 150,-<\/li>\n<li>Hin- und R\u00fcckfahrt am gleichen Tag: Erwachsene 320,- \/ Kinder 160,-<\/li>\n<li>Gep\u00e4ck: 80,-<\/li>\n<\/ul>\n<p><strong>Memurubu &#8211; Gjendebu<\/strong><\/p>\n<ul>\n<li>Einfache Fahrt: Erwachsene 220,- \/ Kinder 110,-<\/li>\n<li>Gep\u00e4ck: 70,-<\/li>\n<\/ul>\n<p><strong>Bedingungen <\/strong><\/p>\n<ul>\n<li>Kinder unter 15 Jahren: Kinderfahrkarte (Preise siehe oben)<\/li>\n<li>Kinder unter 5 Jahren: Gratis<\/li>\n<\/ul>\n<p>Gruppen von mehr als 20 Personen bitten wir um Voranmeldung per mail: <a href=\"harald@gjende.no\">harald@gjende.no<\/a> oder Tel.: +49 913 06 744<\/p>\n<h2>Parken<\/h2>\n<p>Es gibt zwei Parkpl\u00e4tze in der Gegend um Gjendesheim. Der Eine direkt\u00a0am Anleger ist ein Tagesparkplatz und der andere liegt ca. 2 km vor\u00a0Gjendesheim und ist ein Langzeitparkplatz. Von diesem f\u00e4hrt ein Minibus\u00a0gratis zum Anleger. F\u00fcr mehr Information siehe: <a href=\"https:\/\/visitgjende.no\/\" target=\"_blank\" rel=\"noopener\">www.visitgjende.no<\/a><\/p>\n<h2>W\u00e4hle die richtige &#8220;Schlange&#8221;<\/h2>\n<p>Am Anleger findest Du zwei Schranken: eine f\u00fcr Memurubu (der Startpunkt\u00a0um \u00fcber den Besseggen zu wandern) hier gibt es bis zu sieben Abfahrten,\u00a0und eine f\u00fcr Gjendebu (ganz am Ende des Gjendesees) hier gibt es bis zu<br \/>\nzwei Abfahrten pro Tag. Bitte aufmerksam sein und vor der richtigen\u00a0Schranke stehen!<\/p>\n<h2>Die Schiffe<\/h2>\n<p>Wir fahren mit zwei Schiffen. &#8220;K\u00e5re Johan&#8221; kann 98 Passagiere und &#8220;Gjendine&#8221; 80 Passagiere transportieren.<\/p>\n<h2>Abbestellung<\/h2>\n<p>Nach norwegischen Recht gibt es kein Widerrufsrecht oder Abbestellungsm\u00f6glichkeit f\u00fcr die Fahrkarten, bei besonderen Anlass kann von dieser Norm abgewichen werden.<\/p>\n<h2>Besseggen<\/h2>\n<p>M\u00f6chtest Du \u00fcber den Besseggen wandern und Deine Tour in Gjendesheim\u00a0beenden, nimmst Du das Schiff nach Memurubu. Du kannst aber auch den\u00a0umgekehrten Weg gehen, von Gjendesheim nach Memurubu und mit dem Schiff\u00a0zur\u00fcckfahren. Kauf Dir eine Fahrkarte bevor Dein Abenteuer beginnst, dann vermeidest Du viel Wartezeit. Das letzte Schiff von Memurubu nach\u00a0Gjendesheim legt um 16:50 ab. In der Hochsaison um 17:55<\/p>\n<h2>\u00dcbernachtung:<\/h2>\n<p><a href=\"http:\/\/www.besseggen.net\">www.besseggen.net<\/a><\/p>\n<p><strong>Information:\u00a0<\/strong><\/p>\n<p><a href=\"http:\/\/www.besseggen.net\/\" target=\"_blank\" rel=\"noopener noreferrer\">www.besseggen.net<\/a><\/p>\n<p><a href=\"https:\/\/visitgjende.no\/\" target=\"_blank\" rel=\"noopener\">www.visitgjende.no<\/a><\/p>\n<div class=\"yj6qo\"><\/div>\n","protected":false},"excerpt":{"rendered":"<p>Fahrkarten Kauf deine Fahrkahrte bevor du kommst: Habe einen garantierten Platz f\u00fcr Deine gew\u00fcnschte Abfahrtszeit und erspare Dir das Schlange stehen \u2013 kauf Dein Ticket im Internet vorher. Finde Deine Abfahrtszeit hier! Hin- und R\u00fcckfahrkarte: Hin- und R\u00fcckfahrkarten m\u00fcssen am selben Tag benutzt werden. Finde Deine Abfahrtszeit hier! Kaufe dein Ticket am Schiff: Hast Du [&hellip;]<\/p>\n","protected":false},"author":8,"featured_media":31603,"parent":0,"menu_order":0,"comment_status":"open","ping_status":"open","template":"","meta":{"_acf_changed":false,"footnotes":""},"class_list":["post-40669","page","type-page","status-publish","has-post-thumbnail","hentry"],"acf":[],"yoast_head":"<!-- This site is optimized with the Yoast SEO plugin v27.3 - https:\/\/yoast.com\/product\/yoast-seo-wordpress\/ -->\n<title>Praktische Info und Preise - Gjendeb\u00e5tene<\/title>\n<meta name=\"robots\" content=\"index, follow, max-snippet:-1, max-image-preview:large, max-video-preview:-1\" \/>\n<link rel=\"canonical\" href=\"https:\/\/dev.gjende.no\/informasjon\/\" \/>\n<meta property=\"og:locale\" content=\"de_DE\" \/>\n<meta property=\"og:type\" content=\"article\" \/>\n<meta property=\"og:title\" content=\"Praktische Info und Preise - Gjendeb\u00e5tene\" \/>\n<meta property=\"og:description\" content=\"Fahrkarten Kauf deine Fahrkahrte bevor du kommst: Habe einen garantierten Platz f\u00fcr Deine gew\u00fcnschte Abfahrtszeit und erspare Dir das Schlange stehen \u2013 kauf Dein Ticket im Internet vorher. Finde Deine Abfahrtszeit hier! Hin- und R\u00fcckfahrkarte: Hin- und R\u00fcckfahrkarten m\u00fcssen am selben Tag benutzt werden. Finde Deine Abfahrtszeit hier! Kaufe dein Ticket am Schiff: Hast Du [&hellip;]\" \/>\n<meta property=\"og:url\" content=\"https:\/\/dev.gjende.no\/informasjon\/\" \/>\n<meta property=\"og:site_name\" content=\"Gjendeb\u00e5tene\" \/>\n<meta property=\"article:modified_time\" content=\"2024-10-08T16:43:11+00:00\" \/>\n<meta property=\"og:image\" content=\"https:\/\/dev.gjende.no\/wp-content\/uploads\/2017\/11\/Gjende-besseggen-jotunheimen-hr_09-scaled.jpg\" \/>\n\t<meta property=\"og:image:width\" content=\"2560\" \/>\n\t<meta property=\"og:image:height\" content=\"1707\" \/>\n\t<meta property=\"og:image:type\" content=\"image\/jpeg\" \/>\n<meta name=\"twitter:card\" content=\"summary_large_image\" \/>\n<meta name=\"twitter:label1\" content=\"Est. reading time\" \/>\n\t<meta name=\"twitter:data1\" content=\"3 minutes\" \/>\n<script type=\"application\/ld+json\" class=\"yoast-schema-graph\">{\"@context\":\"https:\\\/\\\/schema.org\",\"@graph\":[{\"@type\":\"WebPage\",\"@id\":\"https:\\\/\\\/dev.gjende.no\\\/informasjon\\\/\",\"url\":\"https:\\\/\\\/dev.gjende.no\\\/informasjon\\\/\",\"name\":\"Praktische Info und Preise - Gjendeb\u00e5tene\",\"isPartOf\":{\"@id\":\"https:\\\/\\\/dev.gjende.no\\\/#website\"},\"primaryImageOfPage\":{\"@id\":\"https:\\\/\\\/dev.gjende.no\\\/informasjon\\\/#primaryimage\"},\"image\":{\"@id\":\"https:\\\/\\\/dev.gjende.no\\\/informasjon\\\/#primaryimage\"},\"thumbnailUrl\":\"https:\\\/\\\/dev.gjende.no\\\/wp-content\\\/uploads\\\/2017\\\/11\\\/Gjende-besseggen-jotunheimen-hr_09-scaled.jpg\",\"datePublished\":\"2018-01-16T10:28:06+00:00\",\"dateModified\":\"2024-10-08T16:43:11+00:00\",\"breadcrumb\":{\"@id\":\"https:\\\/\\\/dev.gjende.no\\\/informasjon\\\/#breadcrumb\"},\"inLanguage\":\"de-DE\",\"potentialAction\":[{\"@type\":\"ReadAction\",\"target\":[\"https:\\\/\\\/dev.gjende.no\\\/informasjon\\\/\"]}]},{\"@type\":\"ImageObject\",\"inLanguage\":\"de-DE\",\"@id\":\"https:\\\/\\\/dev.gjende.no\\\/informasjon\\\/#primaryimage\",\"url\":\"https:\\\/\\\/dev.gjende.no\\\/wp-content\\\/uploads\\\/2017\\\/11\\\/Gjende-besseggen-jotunheimen-hr_09-scaled.jpg\",\"contentUrl\":\"https:\\\/\\\/dev.gjende.no\\\/wp-content\\\/uploads\\\/2017\\\/11\\\/Gjende-besseggen-jotunheimen-hr_09-scaled.jpg\",\"width\":2560,\"height\":1707},{\"@type\":\"BreadcrumbList\",\"@id\":\"https:\\\/\\\/dev.gjende.no\\\/informasjon\\\/#breadcrumb\",\"itemListElement\":[{\"@type\":\"ListItem\",\"position\":1,\"name\":\"Hjem\",\"item\":\"https:\\\/\\\/dev.gjende.no\\\/\"},{\"@type\":\"ListItem\",\"position\":2,\"name\":\"Praktische Info und Preise\"}]},{\"@type\":\"WebSite\",\"@id\":\"https:\\\/\\\/dev.gjende.no\\\/#website\",\"url\":\"https:\\\/\\\/dev.gjende.no\\\/\",\"name\":\"Gjendeb\u00e5tene\",\"description\":\"Velkommen til Gjende og Jotunheimen\",\"potentialAction\":[{\"@type\":\"SearchAction\",\"target\":{\"@type\":\"EntryPoint\",\"urlTemplate\":\"https:\\\/\\\/dev.gjende.no\\\/?s={search_term_string}\"},\"query-input\":{\"@type\":\"PropertyValueSpecification\",\"valueRequired\":true,\"valueName\":\"search_term_string\"}}],\"inLanguage\":\"de-DE\"}]}<\/script>\n<!-- \/ Yoast SEO plugin. -->","yoast_head_json":{"title":"Praktische Info und Preise - Gjendeb\u00e5tene","robots":{"index":"index","follow":"follow","max-snippet":"max-snippet:-1","max-image-preview":"max-image-preview:large","max-video-preview":"max-video-preview:-1"},"canonical":"https:\/\/dev.gjende.no\/informasjon\/","og_locale":"de_DE","og_type":"article","og_title":"Praktische Info und Preise - Gjendeb\u00e5tene","og_description":"Fahrkarten Kauf deine Fahrkahrte bevor du kommst: Habe einen garantierten Platz f\u00fcr Deine gew\u00fcnschte Abfahrtszeit und erspare Dir das Schlange stehen \u2013 kauf Dein Ticket im Internet vorher. Finde Deine Abfahrtszeit hier! Hin- und R\u00fcckfahrkarte: Hin- und R\u00fcckfahrkarten m\u00fcssen am selben Tag benutzt werden. Finde Deine Abfahrtszeit hier! Kaufe dein Ticket am Schiff: Hast Du [&hellip;]","og_url":"https:\/\/dev.gjende.no\/informasjon\/","og_site_name":"Gjendeb\u00e5tene","article_modified_time":"2024-10-08T16:43:11+00:00","og_image":[{"width":2560,"height":1707,"url":"https:\/\/dev.gjende.no\/wp-content\/uploads\/2017\/11\/Gjende-besseggen-jotunheimen-hr_09-scaled.jpg","type":"image\/jpeg"}],"twitter_card":"summary_large_image","twitter_misc":{"Est. reading time":"3 minutes"},"schema":{"@context":"https:\/\/schema.org","@graph":[{"@type":"WebPage","@id":"https:\/\/dev.gjende.no\/informasjon\/","url":"https:\/\/dev.gjende.no\/informasjon\/","name":"Praktische Info und Preise - Gjendeb\u00e5tene","isPartOf":{"@id":"https:\/\/dev.gjende.no\/#website"},"primaryImageOfPage":{"@id":"https:\/\/dev.gjende.no\/informasjon\/#primaryimage"},"image":{"@id":"https:\/\/dev.gjende.no\/informasjon\/#primaryimage"},"thumbnailUrl":"https:\/\/dev.gjende.no\/wp-content\/uploads\/2017\/11\/Gjende-besseggen-jotunheimen-hr_09-scaled.jpg","datePublished":"2018-01-16T10:28:06+00:00","dateModified":"2024-10-08T16:43:11+00:00","breadcrumb":{"@id":"https:\/\/dev.gjende.no\/informasjon\/#breadcrumb"},"inLanguage":"de-DE","potentialAction":[{"@type":"ReadAction","target":["https:\/\/dev.gjende.no\/informasjon\/"]}]},{"@type":"ImageObject","inLanguage":"de-DE","@id":"https:\/\/dev.gjende.no\/informasjon\/#primaryimage","url":"https:\/\/dev.gjende.no\/wp-content\/uploads\/2017\/11\/Gjende-besseggen-jotunheimen-hr_09-scaled.jpg","contentUrl":"https:\/\/dev.gjende.no\/wp-content\/uploads\/2017\/11\/Gjende-besseggen-jotunheimen-hr_09-scaled.jpg","width":2560,"height":1707},{"@type":"BreadcrumbList","@id":"https:\/\/dev.gjende.no\/informasjon\/#breadcrumb","itemListElement":[{"@type":"ListItem","position":1,"name":"Hjem","item":"https:\/\/dev.gjende.no\/"},{"@type":"ListItem","position":2,"name":"Praktische Info und Preise"}]},{"@type":"WebSite","@id":"https:\/\/dev.gjende.no\/#website","url":"https:\/\/dev.gjende.no\/","name":"Gjendeb\u00e5tene","description":"Velkommen til Gjende og Jotunheimen","potentialAction":[{"@type":"SearchAction","target":{"@type":"EntryPoint","urlTemplate":"https:\/\/dev.gjende.no\/?s={search_term_string}"},"query-input":{"@type":"PropertyValueSpecification","valueRequired":true,"valueName":"search_term_string"}}],"inLanguage":"de-DE"}]}},"_links":{"self":[{"href":"https:\/\/dev.gjende.no\/de\/wp-json\/wp\/v2\/pages\/40669","targetHints":{"allow":["GET"]}}],"collection":[{"href":"https:\/\/dev.gjende.no\/de\/wp-json\/wp\/v2\/pages"}],"about":[{"href":"https:\/\/dev.gjende.no\/de\/wp-json\/wp\/v2\/types\/page"}],"author":[{"embeddable":true,"href":"https:\/\/dev.gjende.no\/de\/wp-json\/wp\/v2\/users\/8"}],"replies":[{"embeddable":true,"href":"https:\/\/dev.gjende.no\/de\/wp-json\/wp\/v2\/comments?post=40669"}],"version-history":[{"count":0,"href":"https:\/\/dev.gjende.no\/de\/wp-json\/wp\/v2\/pages\/40669\/revisions"}],"wp:featuredmedia":[{"embeddable":true,"href":"https:\/\/dev.gjende.no\/de\/wp-json\/wp\/v2\/media\/31603"}],"wp:attachment":[{"href":"https:\/\/dev.gjende.no\/de\/wp-json\/wp\/v2\/media?parent=40669"}],"curies":[{"name":"wp","href":"https:\/\/api.w.org\/{rel}","templated":true}]}}