{"id":281535,"date":"2025-01-08T10:18:37","date_gmt":"2025-01-08T09:18:37","guid":{"rendered":"https:\/\/gjende.no\/parkering-shuttle\/"},"modified":"2025-01-08T11:30:40","modified_gmt":"2025-01-08T10:30:40","slug":"parkering-shuttle","status":"publish","type":"page","link":"https:\/\/dev.gjende.no\/de\/parkering-shuttle\/","title":{"rendered":"Parkm\u00f6glichkeiten\/Shuttle"},"content":{"rendered":"<p>In Gjendeosen gibt es keine Langzeitparkpl\u00e4tze. Deshalb m\u00fcssen Sie in Reinsvangen parken, wenn Sie eine der Touren mit dem Gjendeb\u00e5ten als Ausgangspunkt oder andere Top-Touren unternehmen oder mit dem Boot nach Memurubu oder Gjendebu fahren.<\/p>\n<p>Die erfahrenen Parkw\u00e4chter von Visit Gjende hei\u00dfen Sie in Reinsvangen willkommen.<br \/>\nIn Reinsvangen k\u00f6nnen Sie sicher parken, bevor Sie den Shuttlebus nach Gjendeosen nehmen. Sie k\u00f6nnen einen Parkplatz im Voraus unter visitgjende.no buchen. In Reinsvangen finden Sie einen Kiosk.<\/p>\n<p>Visit Gjende betreibt den Parkplatz und den Shuttle. Alle diesbez\u00fcglichen Fragen sollten direkt an Visit Gjende gerichtet werden. Weitere Informationen und Buchung unter <a href=\"https:\/\/visitgjende.no\" target=\"_blank\" rel=\"noopener\">visitgjende.no<\/a><\/p>\n","protected":false},"excerpt":{"rendered":"<p>In Gjendeosen gibt es keine Langzeitparkpl\u00e4tze. Deshalb m\u00fcssen Sie in Reinsvangen parken, wenn Sie eine der Touren mit dem Gjendeb\u00e5ten als Ausgangspunkt oder andere Top-Touren unternehmen oder mit dem Boot nach Memurubu oder Gjendebu fahren. Die erfahrenen Parkw\u00e4chter von Visit Gjende hei\u00dfen Sie in Reinsvangen willkommen. In Reinsvangen k\u00f6nnen Sie sicher parken, bevor Sie den [&hellip;]<\/p>\n","protected":false},"author":1,"featured_media":281522,"parent":0,"menu_order":0,"comment_status":"closed","ping_status":"closed","template":"page-parkering.php","meta":{"_acf_changed":false,"footnotes":""},"class_list":["post-281535","page","type-page","status-publish","has-post-thumbnail","hentry"],"acf":[],"yoast_head":"<!-- This site is optimized with the Yoast SEO plugin v27.3 - https:\/\/yoast.com\/product\/yoast-seo-wordpress\/ -->\n<title>Parkm\u00f6glichkeiten\/Shuttle - Gjendeb\u00e5tene<\/title>\n<meta name=\"robots\" content=\"index, follow, max-snippet:-1, max-image-preview:large, max-video-preview:-1\" \/>\n<link rel=\"canonical\" href=\"https:\/\/dev.gjende.no\/parkering-shuttle\/\" \/>\n<meta property=\"og:locale\" content=\"de_DE\" \/>\n<meta property=\"og:type\" content=\"article\" \/>\n<meta property=\"og:title\" content=\"Parkm\u00f6glichkeiten\/Shuttle - Gjendeb\u00e5tene\" \/>\n<meta property=\"og:description\" content=\"In Gjendeosen gibt es keine Langzeitparkpl\u00e4tze. Deshalb m\u00fcssen Sie in Reinsvangen parken, wenn Sie eine der Touren mit dem Gjendeb\u00e5ten als Ausgangspunkt oder andere Top-Touren unternehmen oder mit dem Boot nach Memurubu oder Gjendebu fahren. Die erfahrenen Parkw\u00e4chter von Visit Gjende hei\u00dfen Sie in Reinsvangen willkommen. In Reinsvangen k\u00f6nnen Sie sicher parken, bevor Sie den [&hellip;]\" \/>\n<meta property=\"og:url\" content=\"https:\/\/dev.gjende.no\/parkering-shuttle\/\" \/>\n<meta property=\"og:site_name\" content=\"Gjendeb\u00e5tene\" \/>\n<meta property=\"article:modified_time\" content=\"2025-01-08T10:30:40+00:00\" \/>\n<meta property=\"og:image\" content=\"https:\/\/dev.gjende.no\/wp-content\/uploads\/2025\/01\/DSC_17sa96.jpeg\" \/>\n\t<meta property=\"og:image:width\" content=\"2000\" \/>\n\t<meta property=\"og:image:height\" content=\"1333\" \/>\n\t<meta property=\"og:image:type\" content=\"image\/jpeg\" \/>\n<meta name=\"twitter:card\" content=\"summary_large_image\" \/>\n<meta name=\"twitter:label1\" content=\"Est. reading time\" \/>\n\t<meta name=\"twitter:data1\" content=\"1 minute\" \/>\n<script type=\"application\/ld+json\" class=\"yoast-schema-graph\">{\"@context\":\"https:\\\/\\\/schema.org\",\"@graph\":[{\"@type\":\"WebPage\",\"@id\":\"https:\\\/\\\/dev.gjende.no\\\/parkering-shuttle\\\/\",\"url\":\"https:\\\/\\\/dev.gjende.no\\\/parkering-shuttle\\\/\",\"name\":\"Parkm\u00f6glichkeiten\\\/Shuttle - Gjendeb\u00e5tene\",\"isPartOf\":{\"@id\":\"https:\\\/\\\/dev.gjende.no\\\/#website\"},\"primaryImageOfPage\":{\"@id\":\"https:\\\/\\\/dev.gjende.no\\\/parkering-shuttle\\\/#primaryimage\"},\"image\":{\"@id\":\"https:\\\/\\\/dev.gjende.no\\\/parkering-shuttle\\\/#primaryimage\"},\"thumbnailUrl\":\"https:\\\/\\\/dev.gjende.no\\\/wp-content\\\/uploads\\\/2025\\\/01\\\/DSC_17sa96.jpeg\",\"datePublished\":\"2025-01-08T09:18:37+00:00\",\"dateModified\":\"2025-01-08T10:30:40+00:00\",\"breadcrumb\":{\"@id\":\"https:\\\/\\\/dev.gjende.no\\\/parkering-shuttle\\\/#breadcrumb\"},\"inLanguage\":\"de-DE\",\"potentialAction\":[{\"@type\":\"ReadAction\",\"target\":[\"https:\\\/\\\/dev.gjende.no\\\/parkering-shuttle\\\/\"]}]},{\"@type\":\"ImageObject\",\"inLanguage\":\"de-DE\",\"@id\":\"https:\\\/\\\/dev.gjende.no\\\/parkering-shuttle\\\/#primaryimage\",\"url\":\"https:\\\/\\\/dev.gjende.no\\\/wp-content\\\/uploads\\\/2025\\\/01\\\/DSC_17sa96.jpeg\",\"contentUrl\":\"https:\\\/\\\/dev.gjende.no\\\/wp-content\\\/uploads\\\/2025\\\/01\\\/DSC_17sa96.jpeg\",\"width\":2000,\"height\":1333},{\"@type\":\"BreadcrumbList\",\"@id\":\"https:\\\/\\\/dev.gjende.no\\\/parkering-shuttle\\\/#breadcrumb\",\"itemListElement\":[{\"@type\":\"ListItem\",\"position\":1,\"name\":\"Hjem\",\"item\":\"https:\\\/\\\/dev.gjende.no\\\/\"},{\"@type\":\"ListItem\",\"position\":2,\"name\":\"Parkm\u00f6glichkeiten\\\/Shuttle\"}]},{\"@type\":\"WebSite\",\"@id\":\"https:\\\/\\\/dev.gjende.no\\\/#website\",\"url\":\"https:\\\/\\\/dev.gjende.no\\\/\",\"name\":\"Gjendeb\u00e5tene\",\"description\":\"Velkommen til Gjende og Jotunheimen\",\"potentialAction\":[{\"@type\":\"SearchAction\",\"target\":{\"@type\":\"EntryPoint\",\"urlTemplate\":\"https:\\\/\\\/dev.gjende.no\\\/?s={search_term_string}\"},\"query-input\":{\"@type\":\"PropertyValueSpecification\",\"valueRequired\":true,\"valueName\":\"search_term_string\"}}],\"inLanguage\":\"de-DE\"}]}<\/script>\n<!-- \/ Yoast SEO plugin. -->","yoast_head_json":{"title":"Parkm\u00f6glichkeiten\/Shuttle - Gjendeb\u00e5tene","robots":{"index":"index","follow":"follow","max-snippet":"max-snippet:-1","max-image-preview":"max-image-preview:large","max-video-preview":"max-video-preview:-1"},"canonical":"https:\/\/dev.gjende.no\/parkering-shuttle\/","og_locale":"de_DE","og_type":"article","og_title":"Parkm\u00f6glichkeiten\/Shuttle - Gjendeb\u00e5tene","og_description":"In Gjendeosen gibt es keine Langzeitparkpl\u00e4tze. Deshalb m\u00fcssen Sie in Reinsvangen parken, wenn Sie eine der Touren mit dem Gjendeb\u00e5ten als Ausgangspunkt oder andere Top-Touren unternehmen oder mit dem Boot nach Memurubu oder Gjendebu fahren. Die erfahrenen Parkw\u00e4chter von Visit Gjende hei\u00dfen Sie in Reinsvangen willkommen. In Reinsvangen k\u00f6nnen Sie sicher parken, bevor Sie den [&hellip;]","og_url":"https:\/\/dev.gjende.no\/parkering-shuttle\/","og_site_name":"Gjendeb\u00e5tene","article_modified_time":"2025-01-08T10:30:40+00:00","og_image":[{"width":2000,"height":1333,"url":"https:\/\/dev.gjende.no\/wp-content\/uploads\/2025\/01\/DSC_17sa96.jpeg","type":"image\/jpeg"}],"twitter_card":"summary_large_image","twitter_misc":{"Est. reading time":"1 minute"},"schema":{"@context":"https:\/\/schema.org","@graph":[{"@type":"WebPage","@id":"https:\/\/dev.gjende.no\/parkering-shuttle\/","url":"https:\/\/dev.gjende.no\/parkering-shuttle\/","name":"Parkm\u00f6glichkeiten\/Shuttle - Gjendeb\u00e5tene","isPartOf":{"@id":"https:\/\/dev.gjende.no\/#website"},"primaryImageOfPage":{"@id":"https:\/\/dev.gjende.no\/parkering-shuttle\/#primaryimage"},"image":{"@id":"https:\/\/dev.gjende.no\/parkering-shuttle\/#primaryimage"},"thumbnailUrl":"https:\/\/dev.gjende.no\/wp-content\/uploads\/2025\/01\/DSC_17sa96.jpeg","datePublished":"2025-01-08T09:18:37+00:00","dateModified":"2025-01-08T10:30:40+00:00","breadcrumb":{"@id":"https:\/\/dev.gjende.no\/parkering-shuttle\/#breadcrumb"},"inLanguage":"de-DE","potentialAction":[{"@type":"ReadAction","target":["https:\/\/dev.gjende.no\/parkering-shuttle\/"]}]},{"@type":"ImageObject","inLanguage":"de-DE","@id":"https:\/\/dev.gjende.no\/parkering-shuttle\/#primaryimage","url":"https:\/\/dev.gjende.no\/wp-content\/uploads\/2025\/01\/DSC_17sa96.jpeg","contentUrl":"https:\/\/dev.gjende.no\/wp-content\/uploads\/2025\/01\/DSC_17sa96.jpeg","width":2000,"height":1333},{"@type":"BreadcrumbList","@id":"https:\/\/dev.gjende.no\/parkering-shuttle\/#breadcrumb","itemListElement":[{"@type":"ListItem","position":1,"name":"Hjem","item":"https:\/\/dev.gjende.no\/"},{"@type":"ListItem","position":2,"name":"Parkm\u00f6glichkeiten\/Shuttle"}]},{"@type":"WebSite","@id":"https:\/\/dev.gjende.no\/#website","url":"https:\/\/dev.gjende.no\/","name":"Gjendeb\u00e5tene","description":"Velkommen til Gjende og Jotunheimen","potentialAction":[{"@type":"SearchAction","target":{"@type":"EntryPoint","urlTemplate":"https:\/\/dev.gjende.no\/?s={search_term_string}"},"query-input":{"@type":"PropertyValueSpecification","valueRequired":true,"valueName":"search_term_string"}}],"inLanguage":"de-DE"}]}},"_links":{"self":[{"href":"https:\/\/dev.gjende.no\/de\/wp-json\/wp\/v2\/pages\/281535","targetHints":{"allow":["GET"]}}],"collection":[{"href":"https:\/\/dev.gjende.no\/de\/wp-json\/wp\/v2\/pages"}],"about":[{"href":"https:\/\/dev.gjende.no\/de\/wp-json\/wp\/v2\/types\/page"}],"author":[{"embeddable":true,"href":"https:\/\/dev.gjende.no\/de\/wp-json\/wp\/v2\/users\/1"}],"replies":[{"embeddable":true,"href":"https:\/\/dev.gjende.no\/de\/wp-json\/wp\/v2\/comments?post=281535"}],"version-history":[{"count":0,"href":"https:\/\/dev.gjende.no\/de\/wp-json\/wp\/v2\/pages\/281535\/revisions"}],"wp:featuredmedia":[{"embeddable":true,"href":"https:\/\/dev.gjende.no\/de\/wp-json\/wp\/v2\/media\/281522"}],"wp:attachment":[{"href":"https:\/\/dev.gjende.no\/de\/wp-json\/wp\/v2\/media?parent=281535"}],"curies":[{"name":"wp","href":"https:\/\/api.w.org\/{rel}","templated":true}]}}