{"id":15900,"date":"2017-06-29T12:08:40","date_gmt":"2017-06-29T10:08:40","guid":{"rendered":"https:\/\/www.gjende.no\/?page_id=15900\/"},"modified":"2017-08-03T21:12:21","modified_gmt":"2017-08-03T19:12:21","slug":"purchase-information","status":"publish","type":"page","link":"https:\/\/dev.gjende.no\/de\/purchase-information\/","title":{"rendered":"Purchase information"},"content":{"rendered":"<h2>Business credentials<\/h2>\n<p>Gjendeb\u00e5ten AS, Org.nr. 988 237 019 MVA (Norway).<\/p>\n<h3>Contact<\/h3>\n<p>Post: \u00d8ygardsvegen 187, 2680 V\u00e5g\u00e5.<br \/>\nPhone: + 47 913 06 744<br \/>\nMail: harald@gjende.no<\/p>\n<h2>Produktinformation<\/h2>\n<p>Die Produkte in dieser Internettbutik sind elektronische Fahrkarten. Die elektronischen Fahrkarten sind g\u00fcltig mit dem vorzeigen des Strich- oder Qr-codes, entweder in Papierform oder durch vorzeigen der Emailquittung. (Ein Foto des Qr-codes gilt auch als g\u00fcltige Fahrkarte.)<br \/>\nIn einer Bestellung ist es nur gestattet f\u00fcr eine Reisegruppe (Familie, Freunde) die Fahrkarten zu kaufen.<\/p>\n<h3>Preis<\/h3>\n<p>Alle Preise sind in norwegischen Kronen angegeben inklusive aller Nebenkosten(Steuern etc.). Der Endpreis wird vor der Bestellung ausgewiesen und ist inclusive aller Nebenkosten die mit der Bestellung verbunden sind.<\/p>\n<h3>Haftungsausschluss<\/h3>\n<p>Der Verkauf erfolgt unter Ausschluss der Gew\u00e4hrleistung, eventuelle Fehler bei Preisangaben\/Dienstleistungen behalten wir uns vor. Wenn Sie Fragen haben, nehmen Sie gerne Kontakt mit uns auf. Wir werden Ihnen gerne weiterhelfen.<\/p>\n<h3>Verkaufs- und Lieferungsbedingungen<\/h3>\n<p>Alle Bestellungen werden automatisch in unserem Fahrkartensystem registriert. Nach dem Kauf und der Bezahlung ist Ihre Fahrkarte auf dem Schiff in unserer Fahrkartenmaschine klar zum abgleich.<br \/>\nLieferung<br \/>\nDie Fahrkarte wird bereitgestellt und auf dem Bildschirm sichtbar (und an Ihre E-Mailadresse gesandt),sobald Ihre Bankkarte belastet wurde. Damit ist die Lieferung ausgef\u00fchrt.<br \/>\nBezahlung<br \/>\nWir beanspruchen die Bezahlung von dem Zeitpunkt der Bestellung.<\/p>\n<h3>Kartendaten<\/h3>\n<p>Wenn Sie bei uns bezahlen werden Ihre Kartendaten von Nets\/Teller verarbeitet, dieses ist ein sicheres Bezahlsystem f\u00fcr Visa, Master und Eurocard. Alle Karteninformationen werden nach den Regeln der Kartenfirma behandelt.<\/p>\n<h3>G\u00fcltigkeit<\/h3>\n<p>Die Fahrkarten sind f\u00fcr den Zeitpunkt g\u00fcltig f\u00fcr den sie gekauft wurden, auch f\u00fcr sp\u00e4tere Reisen wenn diese nicht voll gebucht sind. Verfallene Fahrkarten werden nicht zur\u00fcckgenommen.<\/p>\n<h3>Personendaten<\/h3>\n<p>Wir behandeln Personendaten nach dem Gesetz. Daten die mit Ihnen als Person verbunden sind werden nicht anderen Firmen zug\u00e4nglich gemacht oder mit anderen Registern verbunden.<\/p>\n<h3>G\u00fcltigkeit des Rabattes f\u00fcr die Hin- und R\u00fcckfahrt<\/h3>\n<p>Die Fahrkarte mit Rabatt gilt nur f\u00fcr den bestellten Tag und ist an die Person gebunden die die Reise gestartet hat.<\/p>\n<h3>Reisemangel<\/h3>\n<p>Bei vorliegen eines Reisemangels m\u00fcssen Sie in angemessener Zeit diesen schriftlich bei uns melden (Email oder Brief). Sie erhalten dann Informationen \u00fcber die weitere Vorgehensweise. Die Regeln f\u00fcr Reklamationen sind im Lov om forbrukerkj\u00f6p verankert.<\/p>\n<h3>Abbestellung und Widerrufsrecht<\/h3>\n<p>Nach norwegischen Recht gibt es kein Widerrufsrecht oder Abbestellungsm\u00f6glichkeit f\u00fcr die Fahrkarten, bei besonderen Anlass kann von dieser Norm abgewichen werden.<\/p>\n<p>&nbsp;<\/p>\n","protected":false},"excerpt":{"rendered":"<p>Business credentials Gjendeb\u00e5ten AS, Org.nr. 988 237 019 MVA (Norway). Contact Post: \u00d8ygardsvegen 187, 2680 V\u00e5g\u00e5. Phone: + 47 913 06 744 Mail: harald@gjende.no Produktinformation Die Produkte in dieser Internettbutik sind elektronische Fahrkarten. Die elektronischen Fahrkarten sind g\u00fcltig mit dem vorzeigen des Strich- oder Qr-codes, entweder in Papierform oder durch vorzeigen der Emailquittung. (Ein Foto [&hellip;]<\/p>\n","protected":false},"author":1,"featured_media":0,"parent":0,"menu_order":0,"comment_status":"closed","ping_status":"closed","template":"","meta":{"_acf_changed":false,"footnotes":""},"class_list":["post-15900","page","type-page","status-publish","hentry"],"acf":[],"yoast_head":"<!-- This site is optimized with the Yoast SEO plugin v27.3 - https:\/\/yoast.com\/product\/yoast-seo-wordpress\/ -->\n<title>Purchase information - Gjendeb\u00e5tene<\/title>\n<meta name=\"robots\" content=\"index, follow, max-snippet:-1, max-image-preview:large, max-video-preview:-1\" \/>\n<link rel=\"canonical\" href=\"https:\/\/dev.gjende.no\/salgsbetingelser\/\" \/>\n<meta property=\"og:locale\" content=\"de_DE\" \/>\n<meta property=\"og:type\" content=\"article\" \/>\n<meta property=\"og:title\" content=\"Purchase information - Gjendeb\u00e5tene\" \/>\n<meta property=\"og:description\" content=\"Business credentials Gjendeb\u00e5ten AS, Org.nr. 988 237 019 MVA (Norway). Contact Post: \u00d8ygardsvegen 187, 2680 V\u00e5g\u00e5. Phone: + 47 913 06 744 Mail: harald@gjende.no Produktinformation Die Produkte in dieser Internettbutik sind elektronische Fahrkarten. Die elektronischen Fahrkarten sind g\u00fcltig mit dem vorzeigen des Strich- oder Qr-codes, entweder in Papierform oder durch vorzeigen der Emailquittung. (Ein Foto [&hellip;]\" \/>\n<meta property=\"og:url\" content=\"https:\/\/dev.gjende.no\/salgsbetingelser\/\" \/>\n<meta property=\"og:site_name\" content=\"Gjendeb\u00e5tene\" \/>\n<meta property=\"article:modified_time\" content=\"2017-08-03T19:12:21+00:00\" \/>\n<meta name=\"twitter:card\" content=\"summary_large_image\" \/>\n<meta name=\"twitter:label1\" content=\"Est. reading time\" \/>\n\t<meta name=\"twitter:data1\" content=\"2 minutes\" \/>\n<script type=\"application\/ld+json\" class=\"yoast-schema-graph\">{\"@context\":\"https:\\\/\\\/schema.org\",\"@graph\":[{\"@type\":\"WebPage\",\"@id\":\"https:\\\/\\\/dev.gjende.no\\\/salgsbetingelser\\\/\",\"url\":\"https:\\\/\\\/dev.gjende.no\\\/salgsbetingelser\\\/\",\"name\":\"Purchase information - Gjendeb\u00e5tene\",\"isPartOf\":{\"@id\":\"https:\\\/\\\/dev.gjende.no\\\/#website\"},\"datePublished\":\"2017-06-29T10:08:40+00:00\",\"dateModified\":\"2017-08-03T19:12:21+00:00\",\"breadcrumb\":{\"@id\":\"https:\\\/\\\/dev.gjende.no\\\/salgsbetingelser\\\/#breadcrumb\"},\"inLanguage\":\"de-DE\",\"potentialAction\":[{\"@type\":\"ReadAction\",\"target\":[\"https:\\\/\\\/dev.gjende.no\\\/salgsbetingelser\\\/\"]}]},{\"@type\":\"BreadcrumbList\",\"@id\":\"https:\\\/\\\/dev.gjende.no\\\/salgsbetingelser\\\/#breadcrumb\",\"itemListElement\":[{\"@type\":\"ListItem\",\"position\":1,\"name\":\"Hjem\",\"item\":\"https:\\\/\\\/dev.gjende.no\\\/\"},{\"@type\":\"ListItem\",\"position\":2,\"name\":\"Purchase information\"}]},{\"@type\":\"WebSite\",\"@id\":\"https:\\\/\\\/dev.gjende.no\\\/#website\",\"url\":\"https:\\\/\\\/dev.gjende.no\\\/\",\"name\":\"Gjendeb\u00e5tene\",\"description\":\"Velkommen til Gjende og Jotunheimen\",\"potentialAction\":[{\"@type\":\"SearchAction\",\"target\":{\"@type\":\"EntryPoint\",\"urlTemplate\":\"https:\\\/\\\/dev.gjende.no\\\/?s={search_term_string}\"},\"query-input\":{\"@type\":\"PropertyValueSpecification\",\"valueRequired\":true,\"valueName\":\"search_term_string\"}}],\"inLanguage\":\"de-DE\"}]}<\/script>\n<!-- \/ Yoast SEO plugin. -->","yoast_head_json":{"title":"Purchase information - Gjendeb\u00e5tene","robots":{"index":"index","follow":"follow","max-snippet":"max-snippet:-1","max-image-preview":"max-image-preview:large","max-video-preview":"max-video-preview:-1"},"canonical":"https:\/\/dev.gjende.no\/salgsbetingelser\/","og_locale":"de_DE","og_type":"article","og_title":"Purchase information - Gjendeb\u00e5tene","og_description":"Business credentials Gjendeb\u00e5ten AS, Org.nr. 988 237 019 MVA (Norway). Contact Post: \u00d8ygardsvegen 187, 2680 V\u00e5g\u00e5. Phone: + 47 913 06 744 Mail: harald@gjende.no Produktinformation Die Produkte in dieser Internettbutik sind elektronische Fahrkarten. Die elektronischen Fahrkarten sind g\u00fcltig mit dem vorzeigen des Strich- oder Qr-codes, entweder in Papierform oder durch vorzeigen der Emailquittung. (Ein Foto [&hellip;]","og_url":"https:\/\/dev.gjende.no\/salgsbetingelser\/","og_site_name":"Gjendeb\u00e5tene","article_modified_time":"2017-08-03T19:12:21+00:00","twitter_card":"summary_large_image","twitter_misc":{"Est. reading time":"2 minutes"},"schema":{"@context":"https:\/\/schema.org","@graph":[{"@type":"WebPage","@id":"https:\/\/dev.gjende.no\/salgsbetingelser\/","url":"https:\/\/dev.gjende.no\/salgsbetingelser\/","name":"Purchase information - Gjendeb\u00e5tene","isPartOf":{"@id":"https:\/\/dev.gjende.no\/#website"},"datePublished":"2017-06-29T10:08:40+00:00","dateModified":"2017-08-03T19:12:21+00:00","breadcrumb":{"@id":"https:\/\/dev.gjende.no\/salgsbetingelser\/#breadcrumb"},"inLanguage":"de-DE","potentialAction":[{"@type":"ReadAction","target":["https:\/\/dev.gjende.no\/salgsbetingelser\/"]}]},{"@type":"BreadcrumbList","@id":"https:\/\/dev.gjende.no\/salgsbetingelser\/#breadcrumb","itemListElement":[{"@type":"ListItem","position":1,"name":"Hjem","item":"https:\/\/dev.gjende.no\/"},{"@type":"ListItem","position":2,"name":"Purchase information"}]},{"@type":"WebSite","@id":"https:\/\/dev.gjende.no\/#website","url":"https:\/\/dev.gjende.no\/","name":"Gjendeb\u00e5tene","description":"Velkommen til Gjende og Jotunheimen","potentialAction":[{"@type":"SearchAction","target":{"@type":"EntryPoint","urlTemplate":"https:\/\/dev.gjende.no\/?s={search_term_string}"},"query-input":{"@type":"PropertyValueSpecification","valueRequired":true,"valueName":"search_term_string"}}],"inLanguage":"de-DE"}]}},"_links":{"self":[{"href":"https:\/\/dev.gjende.no\/de\/wp-json\/wp\/v2\/pages\/15900","targetHints":{"allow":["GET"]}}],"collection":[{"href":"https:\/\/dev.gjende.no\/de\/wp-json\/wp\/v2\/pages"}],"about":[{"href":"https:\/\/dev.gjende.no\/de\/wp-json\/wp\/v2\/types\/page"}],"author":[{"embeddable":true,"href":"https:\/\/dev.gjende.no\/de\/wp-json\/wp\/v2\/users\/1"}],"replies":[{"embeddable":true,"href":"https:\/\/dev.gjende.no\/de\/wp-json\/wp\/v2\/comments?post=15900"}],"version-history":[{"count":0,"href":"https:\/\/dev.gjende.no\/de\/wp-json\/wp\/v2\/pages\/15900\/revisions"}],"wp:attachment":[{"href":"https:\/\/dev.gjende.no\/de\/wp-json\/wp\/v2\/media?parent=15900"}],"curies":[{"name":"wp","href":"https:\/\/api.w.org\/{rel}","templated":true}]}}