{"id":12501,"date":"2017-02-20T21:12:18","date_gmt":"2017-02-20T20:12:18","guid":{"rendered":"https:\/\/dev.gjende.no\/?page_id=12501\/"},"modified":"2017-12-15T12:48:24","modified_gmt":"2017-12-15T11:48:24","slug":"rundfahrt-auf-dem-gjendesee","status":"publish","type":"page","link":"https:\/\/dev.gjende.no\/de\/fuhrungen-pauschal-und-gruppenangebote\/rundfahrt-auf-dem-gjendesee\/","title":{"rendered":"Rundfahrt auf dem Gjendesee"},"content":{"rendered":"<p>Wir starten bei der H\u00fctte Gjendesheim und fahren \u00fcber den Gjendesee zur H\u00fctte Memurubu, die auf der H\u00e4lfte des Gjendesees liegt.<\/p>\n<p>Unterwegs erhalten Sie eine F\u00fchrung zur Geschichte der Umgebung. Unter anderem sind der Besseggengrat und andere Gipfel des Jotunheimen-Massivs zu sehen.<\/p>\n<p>An der H\u00fctte Memurubu k\u00f6nnen Sie eine Pause zum Essen einplanen \u2013 mehrere Bewirtungsalternativen stehen zur Verf\u00fcgung \u2013 oder Sie k\u00f6nnen sich einfach nur die Beine vertreten.<\/p>\n<p>Dauer der Tour: 1\u20133 Stunden.<\/p>\n<p>Schifffahrt won NOK 5 000,-<\/p>\n<p><strong>Bewirtungsalternativen:<\/strong><\/p>\n<ul>\n<li>Kaffee und Waffeln (inkl. Nachschenken) NOK 62 pro Person.<\/li>\n<li>Suppe mit Kl\u00f6\u00dfchen und Kaffee (inkl. Nachschenken) NOK 95 pro Person.<\/li>\n<li>Hauptgericht (zweimal serviert) mit Nachtisch und Kaffee (inkl. Nachschenken) NOK 195 pro Person.<\/li>\n<\/ul>\n","protected":false},"excerpt":{"rendered":"<p>Wir starten bei der H\u00fctte Gjendesheim und fahren \u00fcber den Gjendesee zur H\u00fctte Memurubu, die auf der H\u00e4lfte des Gjendesees liegt. Unterwegs erhalten Sie eine F\u00fchrung zur Geschichte der Umgebung. Unter anderem sind der Besseggengrat und andere Gipfel des Jotunheimen-Massivs zu sehen. An der H\u00fctte Memurubu k\u00f6nnen Sie eine Pause zum Essen einplanen \u2013 mehrere [&hellip;]<\/p>\n","protected":false},"author":1,"featured_media":12447,"parent":12492,"menu_order":0,"comment_status":"open","ping_status":"open","template":"","meta":{"_acf_changed":false,"footnotes":""},"class_list":["post-12501","page","type-page","status-publish","has-post-thumbnail","hentry"],"acf":[],"yoast_head":"<!-- This site is optimized with the Yoast SEO plugin v27.3 - https:\/\/yoast.com\/product\/yoast-seo-wordpress\/ -->\n<title>Rundfahrt auf dem Gjendesee - Gjendeb\u00e5tene<\/title>\n<meta name=\"robots\" content=\"index, follow, max-snippet:-1, max-image-preview:large, max-video-preview:-1\" \/>\n<link rel=\"canonical\" href=\"https:\/\/dev.gjende.no\/pakketilbud-firmaturer\/271-2\/\" \/>\n<meta property=\"og:locale\" content=\"de_DE\" \/>\n<meta property=\"og:type\" content=\"article\" \/>\n<meta property=\"og:title\" content=\"Rundfahrt auf dem Gjendesee - Gjendeb\u00e5tene\" \/>\n<meta property=\"og:description\" content=\"Wir starten bei der H\u00fctte Gjendesheim und fahren \u00fcber den Gjendesee zur H\u00fctte Memurubu, die auf der H\u00e4lfte des Gjendesees liegt. Unterwegs erhalten Sie eine F\u00fchrung zur Geschichte der Umgebung. Unter anderem sind der Besseggengrat und andere Gipfel des Jotunheimen-Massivs zu sehen. An der H\u00fctte Memurubu k\u00f6nnen Sie eine Pause zum Essen einplanen \u2013 mehrere [&hellip;]\" \/>\n<meta property=\"og:url\" content=\"https:\/\/dev.gjende.no\/pakketilbud-firmaturer\/271-2\/\" \/>\n<meta property=\"og:site_name\" content=\"Gjendeb\u00e5tene\" \/>\n<meta property=\"article:modified_time\" content=\"2017-12-15T11:48:24+00:00\" \/>\n<meta property=\"og:image\" content=\"https:\/\/dev.gjende.no\/wp-content\/uploads\/2017\/02\/IMG_0748.jpg\" \/>\n\t<meta property=\"og:image:width\" content=\"1334\" \/>\n\t<meta property=\"og:image:height\" content=\"750\" \/>\n\t<meta property=\"og:image:type\" content=\"image\/jpeg\" \/>\n<meta name=\"twitter:card\" content=\"summary_large_image\" \/>\n<meta name=\"twitter:label1\" content=\"Est. reading time\" \/>\n\t<meta name=\"twitter:data1\" content=\"1 minute\" \/>\n<script type=\"application\/ld+json\" class=\"yoast-schema-graph\">{\"@context\":\"https:\\\/\\\/schema.org\",\"@graph\":[{\"@type\":\"WebPage\",\"@id\":\"https:\\\/\\\/dev.gjende.no\\\/pakketilbud-firmaturer\\\/271-2\\\/\",\"url\":\"https:\\\/\\\/dev.gjende.no\\\/pakketilbud-firmaturer\\\/271-2\\\/\",\"name\":\"Rundfahrt auf dem Gjendesee - Gjendeb\u00e5tene\",\"isPartOf\":{\"@id\":\"https:\\\/\\\/dev.gjende.no\\\/#website\"},\"primaryImageOfPage\":{\"@id\":\"https:\\\/\\\/dev.gjende.no\\\/pakketilbud-firmaturer\\\/271-2\\\/#primaryimage\"},\"image\":{\"@id\":\"https:\\\/\\\/dev.gjende.no\\\/pakketilbud-firmaturer\\\/271-2\\\/#primaryimage\"},\"thumbnailUrl\":\"https:\\\/\\\/dev.gjende.no\\\/wp-content\\\/uploads\\\/2017\\\/02\\\/IMG_0748.jpg\",\"datePublished\":\"2017-02-20T20:12:18+00:00\",\"dateModified\":\"2017-12-15T11:48:24+00:00\",\"breadcrumb\":{\"@id\":\"https:\\\/\\\/dev.gjende.no\\\/pakketilbud-firmaturer\\\/271-2\\\/#breadcrumb\"},\"inLanguage\":\"de-DE\",\"potentialAction\":[{\"@type\":\"ReadAction\",\"target\":[\"https:\\\/\\\/dev.gjende.no\\\/pakketilbud-firmaturer\\\/271-2\\\/\"]}]},{\"@type\":\"ImageObject\",\"inLanguage\":\"de-DE\",\"@id\":\"https:\\\/\\\/dev.gjende.no\\\/pakketilbud-firmaturer\\\/271-2\\\/#primaryimage\",\"url\":\"https:\\\/\\\/dev.gjende.no\\\/wp-content\\\/uploads\\\/2017\\\/02\\\/IMG_0748.jpg\",\"contentUrl\":\"https:\\\/\\\/dev.gjende.no\\\/wp-content\\\/uploads\\\/2017\\\/02\\\/IMG_0748.jpg\",\"width\":1334,\"height\":750},{\"@type\":\"BreadcrumbList\",\"@id\":\"https:\\\/\\\/dev.gjende.no\\\/pakketilbud-firmaturer\\\/271-2\\\/#breadcrumb\",\"itemListElement\":[{\"@type\":\"ListItem\",\"position\":1,\"name\":\"Hjem\",\"item\":\"https:\\\/\\\/dev.gjende.no\\\/\"},{\"@type\":\"ListItem\",\"position\":2,\"name\":\"F\u00fchrungen, Pauschal- und Gruppenangebote\",\"item\":\"https:\\\/\\\/dev.gjende.no\\\/pakketilbud-firmaturer\\\/\"},{\"@type\":\"ListItem\",\"position\":3,\"name\":\"Rundfahrt auf dem Gjendesee\"}]},{\"@type\":\"WebSite\",\"@id\":\"https:\\\/\\\/dev.gjende.no\\\/#website\",\"url\":\"https:\\\/\\\/dev.gjende.no\\\/\",\"name\":\"Gjendeb\u00e5tene\",\"description\":\"Velkommen til Gjende og Jotunheimen\",\"potentialAction\":[{\"@type\":\"SearchAction\",\"target\":{\"@type\":\"EntryPoint\",\"urlTemplate\":\"https:\\\/\\\/dev.gjende.no\\\/?s={search_term_string}\"},\"query-input\":{\"@type\":\"PropertyValueSpecification\",\"valueRequired\":true,\"valueName\":\"search_term_string\"}}],\"inLanguage\":\"de-DE\"}]}<\/script>\n<!-- \/ Yoast SEO plugin. -->","yoast_head_json":{"title":"Rundfahrt auf dem Gjendesee - Gjendeb\u00e5tene","robots":{"index":"index","follow":"follow","max-snippet":"max-snippet:-1","max-image-preview":"max-image-preview:large","max-video-preview":"max-video-preview:-1"},"canonical":"https:\/\/dev.gjende.no\/pakketilbud-firmaturer\/271-2\/","og_locale":"de_DE","og_type":"article","og_title":"Rundfahrt auf dem Gjendesee - Gjendeb\u00e5tene","og_description":"Wir starten bei der H\u00fctte Gjendesheim und fahren \u00fcber den Gjendesee zur H\u00fctte Memurubu, die auf der H\u00e4lfte des Gjendesees liegt. Unterwegs erhalten Sie eine F\u00fchrung zur Geschichte der Umgebung. Unter anderem sind der Besseggengrat und andere Gipfel des Jotunheimen-Massivs zu sehen. An der H\u00fctte Memurubu k\u00f6nnen Sie eine Pause zum Essen einplanen \u2013 mehrere [&hellip;]","og_url":"https:\/\/dev.gjende.no\/pakketilbud-firmaturer\/271-2\/","og_site_name":"Gjendeb\u00e5tene","article_modified_time":"2017-12-15T11:48:24+00:00","og_image":[{"width":1334,"height":750,"url":"https:\/\/dev.gjende.no\/wp-content\/uploads\/2017\/02\/IMG_0748.jpg","type":"image\/jpeg"}],"twitter_card":"summary_large_image","twitter_misc":{"Est. reading time":"1 minute"},"schema":{"@context":"https:\/\/schema.org","@graph":[{"@type":"WebPage","@id":"https:\/\/dev.gjende.no\/pakketilbud-firmaturer\/271-2\/","url":"https:\/\/dev.gjende.no\/pakketilbud-firmaturer\/271-2\/","name":"Rundfahrt auf dem Gjendesee - Gjendeb\u00e5tene","isPartOf":{"@id":"https:\/\/dev.gjende.no\/#website"},"primaryImageOfPage":{"@id":"https:\/\/dev.gjende.no\/pakketilbud-firmaturer\/271-2\/#primaryimage"},"image":{"@id":"https:\/\/dev.gjende.no\/pakketilbud-firmaturer\/271-2\/#primaryimage"},"thumbnailUrl":"https:\/\/dev.gjende.no\/wp-content\/uploads\/2017\/02\/IMG_0748.jpg","datePublished":"2017-02-20T20:12:18+00:00","dateModified":"2017-12-15T11:48:24+00:00","breadcrumb":{"@id":"https:\/\/dev.gjende.no\/pakketilbud-firmaturer\/271-2\/#breadcrumb"},"inLanguage":"de-DE","potentialAction":[{"@type":"ReadAction","target":["https:\/\/dev.gjende.no\/pakketilbud-firmaturer\/271-2\/"]}]},{"@type":"ImageObject","inLanguage":"de-DE","@id":"https:\/\/dev.gjende.no\/pakketilbud-firmaturer\/271-2\/#primaryimage","url":"https:\/\/dev.gjende.no\/wp-content\/uploads\/2017\/02\/IMG_0748.jpg","contentUrl":"https:\/\/dev.gjende.no\/wp-content\/uploads\/2017\/02\/IMG_0748.jpg","width":1334,"height":750},{"@type":"BreadcrumbList","@id":"https:\/\/dev.gjende.no\/pakketilbud-firmaturer\/271-2\/#breadcrumb","itemListElement":[{"@type":"ListItem","position":1,"name":"Hjem","item":"https:\/\/dev.gjende.no\/"},{"@type":"ListItem","position":2,"name":"F\u00fchrungen, Pauschal- und Gruppenangebote","item":"https:\/\/dev.gjende.no\/pakketilbud-firmaturer\/"},{"@type":"ListItem","position":3,"name":"Rundfahrt auf dem Gjendesee"}]},{"@type":"WebSite","@id":"https:\/\/dev.gjende.no\/#website","url":"https:\/\/dev.gjende.no\/","name":"Gjendeb\u00e5tene","description":"Velkommen til Gjende og Jotunheimen","potentialAction":[{"@type":"SearchAction","target":{"@type":"EntryPoint","urlTemplate":"https:\/\/dev.gjende.no\/?s={search_term_string}"},"query-input":{"@type":"PropertyValueSpecification","valueRequired":true,"valueName":"search_term_string"}}],"inLanguage":"de-DE"}]}},"_links":{"self":[{"href":"https:\/\/dev.gjende.no\/de\/wp-json\/wp\/v2\/pages\/12501","targetHints":{"allow":["GET"]}}],"collection":[{"href":"https:\/\/dev.gjende.no\/de\/wp-json\/wp\/v2\/pages"}],"about":[{"href":"https:\/\/dev.gjende.no\/de\/wp-json\/wp\/v2\/types\/page"}],"author":[{"embeddable":true,"href":"https:\/\/dev.gjende.no\/de\/wp-json\/wp\/v2\/users\/1"}],"replies":[{"embeddable":true,"href":"https:\/\/dev.gjende.no\/de\/wp-json\/wp\/v2\/comments?post=12501"}],"version-history":[{"count":0,"href":"https:\/\/dev.gjende.no\/de\/wp-json\/wp\/v2\/pages\/12501\/revisions"}],"up":[{"embeddable":true,"href":"https:\/\/dev.gjende.no\/de\/wp-json\/wp\/v2\/pages\/12492"}],"wp:featuredmedia":[{"embeddable":true,"href":"https:\/\/dev.gjende.no\/de\/wp-json\/wp\/v2\/media\/12447"}],"wp:attachment":[{"href":"https:\/\/dev.gjende.no\/de\/wp-json\/wp\/v2\/media?parent=12501"}],"curies":[{"name":"wp","href":"https:\/\/api.w.org\/{rel}","templated":true}]}}