{"id":12492,"date":"2017-02-20T20:59:02","date_gmt":"2017-02-20T19:59:02","guid":{"rendered":"https:\/\/dev.gjende.no\/?page_id=12492\/"},"modified":"2022-11-22T08:14:30","modified_gmt":"2022-11-22T07:14:30","slug":"fuhrungen-pauschal-und-gruppenangebote","status":"publish","type":"page","link":"https:\/\/dev.gjende.no\/de\/fuhrungen-pauschal-und-gruppenangebote\/","title":{"rendered":"F\u00fchrungen, Pauschal- und Gruppenangebote"},"content":{"rendered":"<p>Der Gjendesee und die Berge bieten unz\u00e4hlige Aktivit\u00e4tsm\u00f6glichkeiten, einige hiervon k\u00f6nnen wir organisieren.<\/p>\n<p><strong>Sightseeing mit F\u00fchrung<\/strong><\/p>\n<ul>\n<li>Bewirtung an Bord oder in einer der H\u00fctten in der Gegend.<\/li>\n<li>Bewirtung mit Speisen und Getr\u00e4nken (auch alkoholische Getr\u00e4nke), wir bieten alles von Kaffee mit Waffeln bis hin zu einem dreig\u00e4ngigen Abendessen.<\/li>\n<li>Unterhaltung an Bord, rund um Peer Gynt und Jo Gjende.<\/li>\n<li>Live-Musik auf dem Schiff oder an Land.<\/li>\n<\/ul>\n<p>Der Gjendesee im Berggebiet Jotunheimen erstreckt sich von der H\u00fctte Gjendesheim im Osten ungef\u00e4hr 18 km durch die Berglandschaft bis zur H\u00fctte Gjendebu am Westufer. Er ist an beiden Seiten von Bergh\u00e4ngen umgeben, die steil in das blaugr\u00fcne Wasser abfallen. Vom Schiff aus k\u00f6nnen Sie den bekannten Besseggengrat und den Bukkel\u00e6geret zwischen den H\u00fctten Gjendesheim und Memurubu sowie m\u00e4chtige 2000er Gipfel, wie Surtningssue, Knutsholstind und Svartdalspiggen, sehen.<\/p>\n<p>Als Programmpunkt k\u00f6nnen Sie auch leichte Touren bei einer der H\u00fctten oder gr\u00f6\u00dfere Gipfeltouren oder Wanderungen in der Bergregion Jotunheimen w\u00e4hlen.<\/p>\n","protected":false},"excerpt":{"rendered":"<p>Der Gjendesee und die Berge bieten unz\u00e4hlige Aktivit\u00e4tsm\u00f6glichkeiten, einige hiervon k\u00f6nnen wir organisieren. Sightseeing mit F\u00fchrung Bewirtung an Bord oder in einer der H\u00fctten in der Gegend. Bewirtung mit Speisen und Getr\u00e4nken (auch alkoholische Getr\u00e4nke), wir bieten alles von Kaffee mit Waffeln bis hin zu einem dreig\u00e4ngigen Abendessen. Unterhaltung an Bord, rund um Peer Gynt [&hellip;]<\/p>\n","protected":false},"author":1,"featured_media":396,"parent":0,"menu_order":0,"comment_status":"open","ping_status":"open","template":"","meta":{"_acf_changed":false,"footnotes":""},"class_list":["post-12492","page","type-page","status-publish","has-post-thumbnail","hentry"],"acf":[],"yoast_head":"<!-- This site is optimized with the Yoast SEO plugin v27.3 - https:\/\/yoast.com\/product\/yoast-seo-wordpress\/ -->\n<title>F\u00fchrungen, Pauschal- und Gruppenangebote - Gjendeb\u00e5tene<\/title>\n<meta name=\"robots\" content=\"index, follow, max-snippet:-1, max-image-preview:large, max-video-preview:-1\" \/>\n<link rel=\"canonical\" href=\"https:\/\/dev.gjende.no\/pakketilbud-firmaturer\/\" \/>\n<meta property=\"og:locale\" content=\"de_DE\" \/>\n<meta property=\"og:type\" content=\"article\" \/>\n<meta property=\"og:title\" content=\"F\u00fchrungen, Pauschal- und Gruppenangebote - Gjendeb\u00e5tene\" \/>\n<meta property=\"og:description\" content=\"Der Gjendesee und die Berge bieten unz\u00e4hlige Aktivit\u00e4tsm\u00f6glichkeiten, einige hiervon k\u00f6nnen wir organisieren. Sightseeing mit F\u00fchrung Bewirtung an Bord oder in einer der H\u00fctten in der Gegend. Bewirtung mit Speisen und Getr\u00e4nken (auch alkoholische Getr\u00e4nke), wir bieten alles von Kaffee mit Waffeln bis hin zu einem dreig\u00e4ngigen Abendessen. Unterhaltung an Bord, rund um Peer Gynt [&hellip;]\" \/>\n<meta property=\"og:url\" content=\"https:\/\/dev.gjende.no\/pakketilbud-firmaturer\/\" \/>\n<meta property=\"og:site_name\" content=\"Gjendeb\u00e5tene\" \/>\n<meta property=\"article:modified_time\" content=\"2022-11-22T07:14:30+00:00\" \/>\n<meta property=\"og:image\" content=\"https:\/\/dev.gjende.no\/wp-content\/uploads\/2014\/07\/4B2A8760.jpg\" \/>\n\t<meta property=\"og:image:width\" content=\"1500\" \/>\n\t<meta property=\"og:image:height\" content=\"937\" \/>\n\t<meta property=\"og:image:type\" content=\"image\/jpeg\" \/>\n<meta name=\"twitter:card\" content=\"summary_large_image\" \/>\n<meta name=\"twitter:label1\" content=\"Est. reading time\" \/>\n\t<meta name=\"twitter:data1\" content=\"1 minute\" \/>\n<script type=\"application\/ld+json\" class=\"yoast-schema-graph\">{\"@context\":\"https:\\\/\\\/schema.org\",\"@graph\":[{\"@type\":\"WebPage\",\"@id\":\"https:\\\/\\\/dev.gjende.no\\\/pakketilbud-firmaturer\\\/\",\"url\":\"https:\\\/\\\/dev.gjende.no\\\/pakketilbud-firmaturer\\\/\",\"name\":\"F\u00fchrungen, Pauschal- und Gruppenangebote - Gjendeb\u00e5tene\",\"isPartOf\":{\"@id\":\"https:\\\/\\\/dev.gjende.no\\\/#website\"},\"primaryImageOfPage\":{\"@id\":\"https:\\\/\\\/dev.gjende.no\\\/pakketilbud-firmaturer\\\/#primaryimage\"},\"image\":{\"@id\":\"https:\\\/\\\/dev.gjende.no\\\/pakketilbud-firmaturer\\\/#primaryimage\"},\"thumbnailUrl\":\"https:\\\/\\\/dev.gjende.no\\\/wp-content\\\/uploads\\\/2014\\\/07\\\/4B2A8760.jpg\",\"datePublished\":\"2017-02-20T19:59:02+00:00\",\"dateModified\":\"2022-11-22T07:14:30+00:00\",\"breadcrumb\":{\"@id\":\"https:\\\/\\\/dev.gjende.no\\\/pakketilbud-firmaturer\\\/#breadcrumb\"},\"inLanguage\":\"de-DE\",\"potentialAction\":[{\"@type\":\"ReadAction\",\"target\":[\"https:\\\/\\\/dev.gjende.no\\\/pakketilbud-firmaturer\\\/\"]}]},{\"@type\":\"ImageObject\",\"inLanguage\":\"de-DE\",\"@id\":\"https:\\\/\\\/dev.gjende.no\\\/pakketilbud-firmaturer\\\/#primaryimage\",\"url\":\"https:\\\/\\\/dev.gjende.no\\\/wp-content\\\/uploads\\\/2014\\\/07\\\/4B2A8760.jpg\",\"contentUrl\":\"https:\\\/\\\/dev.gjende.no\\\/wp-content\\\/uploads\\\/2014\\\/07\\\/4B2A8760.jpg\",\"width\":1500,\"height\":937},{\"@type\":\"BreadcrumbList\",\"@id\":\"https:\\\/\\\/dev.gjende.no\\\/pakketilbud-firmaturer\\\/#breadcrumb\",\"itemListElement\":[{\"@type\":\"ListItem\",\"position\":1,\"name\":\"Hjem\",\"item\":\"https:\\\/\\\/dev.gjende.no\\\/\"},{\"@type\":\"ListItem\",\"position\":2,\"name\":\"F\u00fchrungen, Pauschal- und Gruppenangebote\"}]},{\"@type\":\"WebSite\",\"@id\":\"https:\\\/\\\/dev.gjende.no\\\/#website\",\"url\":\"https:\\\/\\\/dev.gjende.no\\\/\",\"name\":\"Gjendeb\u00e5tene\",\"description\":\"Velkommen til Gjende og Jotunheimen\",\"potentialAction\":[{\"@type\":\"SearchAction\",\"target\":{\"@type\":\"EntryPoint\",\"urlTemplate\":\"https:\\\/\\\/dev.gjende.no\\\/?s={search_term_string}\"},\"query-input\":{\"@type\":\"PropertyValueSpecification\",\"valueRequired\":true,\"valueName\":\"search_term_string\"}}],\"inLanguage\":\"de-DE\"}]}<\/script>\n<!-- \/ Yoast SEO plugin. -->","yoast_head_json":{"title":"F\u00fchrungen, Pauschal- und Gruppenangebote - Gjendeb\u00e5tene","robots":{"index":"index","follow":"follow","max-snippet":"max-snippet:-1","max-image-preview":"max-image-preview:large","max-video-preview":"max-video-preview:-1"},"canonical":"https:\/\/dev.gjende.no\/pakketilbud-firmaturer\/","og_locale":"de_DE","og_type":"article","og_title":"F\u00fchrungen, Pauschal- und Gruppenangebote - Gjendeb\u00e5tene","og_description":"Der Gjendesee und die Berge bieten unz\u00e4hlige Aktivit\u00e4tsm\u00f6glichkeiten, einige hiervon k\u00f6nnen wir organisieren. Sightseeing mit F\u00fchrung Bewirtung an Bord oder in einer der H\u00fctten in der Gegend. Bewirtung mit Speisen und Getr\u00e4nken (auch alkoholische Getr\u00e4nke), wir bieten alles von Kaffee mit Waffeln bis hin zu einem dreig\u00e4ngigen Abendessen. Unterhaltung an Bord, rund um Peer Gynt [&hellip;]","og_url":"https:\/\/dev.gjende.no\/pakketilbud-firmaturer\/","og_site_name":"Gjendeb\u00e5tene","article_modified_time":"2022-11-22T07:14:30+00:00","og_image":[{"width":1500,"height":937,"url":"https:\/\/dev.gjende.no\/wp-content\/uploads\/2014\/07\/4B2A8760.jpg","type":"image\/jpeg"}],"twitter_card":"summary_large_image","twitter_misc":{"Est. reading time":"1 minute"},"schema":{"@context":"https:\/\/schema.org","@graph":[{"@type":"WebPage","@id":"https:\/\/dev.gjende.no\/pakketilbud-firmaturer\/","url":"https:\/\/dev.gjende.no\/pakketilbud-firmaturer\/","name":"F\u00fchrungen, Pauschal- und Gruppenangebote - Gjendeb\u00e5tene","isPartOf":{"@id":"https:\/\/dev.gjende.no\/#website"},"primaryImageOfPage":{"@id":"https:\/\/dev.gjende.no\/pakketilbud-firmaturer\/#primaryimage"},"image":{"@id":"https:\/\/dev.gjende.no\/pakketilbud-firmaturer\/#primaryimage"},"thumbnailUrl":"https:\/\/dev.gjende.no\/wp-content\/uploads\/2014\/07\/4B2A8760.jpg","datePublished":"2017-02-20T19:59:02+00:00","dateModified":"2022-11-22T07:14:30+00:00","breadcrumb":{"@id":"https:\/\/dev.gjende.no\/pakketilbud-firmaturer\/#breadcrumb"},"inLanguage":"de-DE","potentialAction":[{"@type":"ReadAction","target":["https:\/\/dev.gjende.no\/pakketilbud-firmaturer\/"]}]},{"@type":"ImageObject","inLanguage":"de-DE","@id":"https:\/\/dev.gjende.no\/pakketilbud-firmaturer\/#primaryimage","url":"https:\/\/dev.gjende.no\/wp-content\/uploads\/2014\/07\/4B2A8760.jpg","contentUrl":"https:\/\/dev.gjende.no\/wp-content\/uploads\/2014\/07\/4B2A8760.jpg","width":1500,"height":937},{"@type":"BreadcrumbList","@id":"https:\/\/dev.gjende.no\/pakketilbud-firmaturer\/#breadcrumb","itemListElement":[{"@type":"ListItem","position":1,"name":"Hjem","item":"https:\/\/dev.gjende.no\/"},{"@type":"ListItem","position":2,"name":"F\u00fchrungen, Pauschal- und Gruppenangebote"}]},{"@type":"WebSite","@id":"https:\/\/dev.gjende.no\/#website","url":"https:\/\/dev.gjende.no\/","name":"Gjendeb\u00e5tene","description":"Velkommen til Gjende og Jotunheimen","potentialAction":[{"@type":"SearchAction","target":{"@type":"EntryPoint","urlTemplate":"https:\/\/dev.gjende.no\/?s={search_term_string}"},"query-input":{"@type":"PropertyValueSpecification","valueRequired":true,"valueName":"search_term_string"}}],"inLanguage":"de-DE"}]}},"_links":{"self":[{"href":"https:\/\/dev.gjende.no\/de\/wp-json\/wp\/v2\/pages\/12492","targetHints":{"allow":["GET"]}}],"collection":[{"href":"https:\/\/dev.gjende.no\/de\/wp-json\/wp\/v2\/pages"}],"about":[{"href":"https:\/\/dev.gjende.no\/de\/wp-json\/wp\/v2\/types\/page"}],"author":[{"embeddable":true,"href":"https:\/\/dev.gjende.no\/de\/wp-json\/wp\/v2\/users\/1"}],"replies":[{"embeddable":true,"href":"https:\/\/dev.gjende.no\/de\/wp-json\/wp\/v2\/comments?post=12492"}],"version-history":[{"count":0,"href":"https:\/\/dev.gjende.no\/de\/wp-json\/wp\/v2\/pages\/12492\/revisions"}],"wp:featuredmedia":[{"embeddable":true,"href":"https:\/\/dev.gjende.no\/de\/wp-json\/wp\/v2\/media\/396"}],"wp:attachment":[{"href":"https:\/\/dev.gjende.no\/de\/wp-json\/wp\/v2\/media?parent=12492"}],"curies":[{"name":"wp","href":"https:\/\/api.w.org\/{rel}","templated":true}]}}