{"id":12487,"date":"2017-02-20T20:56:32","date_gmt":"2017-02-20T19:56:32","guid":{"rendered":"https:\/\/dev.gjende.no\/?page_id=12487\/"},"modified":"2024-10-08T18:45:36","modified_gmt":"2024-10-08T16:45:36","slug":"haeufig-gestellte-fragen","status":"publish","type":"page","link":"https:\/\/dev.gjende.no\/de\/praktische-info-und-preise\/haeufig-gestellte-fragen\/","title":{"rendered":"H\u00e4ufig gestellte Fragen"},"content":{"rendered":"<p><strong>Kann ich auf dem Boot mit Karte bezahlen?<\/strong><\/p>\n<p>&#8211; Ja, nur das Ticket bitte vorher bestellen.<\/p>\n<p><strong>Kann\u00a0man Hunde mitnehmen?<\/strong><\/p>\n<p>&#8211; Ja, und es ist frei. Hunde m\u00fcssen auf dem Boot draussen am Deck bleiben.<\/p>\n<p><strong>Wie lautet die Telefonnummer des Parkplatzes bei Gjendeosen?<\/strong><\/p>\n<p>+47-41862785<\/p>\n<p><strong>Ist die \u00dcberfahrt garantiert?<\/strong><\/p>\n<p>&#8211;\u00a0Alle die online ein Ticket reserviert haben, haben garantiert Platz auf der \u00dcberfahrt.<\/p>\n<p><strong>Kann ich einen Platz reservieren?<\/strong><\/p>\n<p>&#8211;\u00a0Ja!<\/p>\n<p><strong>Wann ist das letzte Boot?<\/strong><\/p>\n<p>&#8211;\u00a0Die letzte Abfahrt von Gjendesheim nach Memurubu ist um 16:50 solange nichts anderes angegeben ist. In der Hochsaison um 17:55.<\/p>\n<p><strong>Ich bin Rollstuhlnutzeu, kann ich mit Ihnen fahren?<\/strong><\/p>\n<p>&#8211;\u00a0Ja!<\/p>\n","protected":false},"excerpt":{"rendered":"<p>Kann ich auf dem Boot mit Karte bezahlen? &#8211; Ja, nur das Ticket bitte vorher bestellen. Kann\u00a0man Hunde mitnehmen? &#8211; Ja, und es ist frei. Hunde m\u00fcssen auf dem Boot draussen am Deck bleiben. Wie lautet die Telefonnummer des Parkplatzes bei Gjendeosen? +47-41862785 Ist die \u00dcberfahrt garantiert? &#8211;\u00a0Alle die online ein Ticket reserviert haben, haben [&hellip;]<\/p>\n","protected":false},"author":1,"featured_media":129756,"parent":40669,"menu_order":0,"comment_status":"open","ping_status":"open","template":"","meta":{"_acf_changed":false,"footnotes":""},"class_list":["post-12487","page","type-page","status-publish","has-post-thumbnail","hentry"],"acf":[],"yoast_head":"<!-- This site is optimized with the Yoast SEO plugin v27.3 - https:\/\/yoast.com\/product\/yoast-seo-wordpress\/ -->\n<title>H\u00e4ufig gestellte Fragen - Gjendeb\u00e5tene<\/title>\n<meta name=\"description\" content=\"Manche Fragen werden h\u00e4ufiger gestellt als andere. Hier beantworten wird die am h\u00e4ufigsten gestellten Fragen.\" \/>\n<meta name=\"robots\" content=\"index, follow, max-snippet:-1, max-image-preview:large, max-video-preview:-1\" \/>\n<link rel=\"canonical\" href=\"https:\/\/dev.gjende.no\/informasjon\/ofte-stilte-sporsmal\/\" \/>\n<meta property=\"og:locale\" content=\"de_DE\" \/>\n<meta property=\"og:type\" content=\"article\" \/>\n<meta property=\"og:title\" content=\"H\u00e4ufig gestellte Fragen - Gjendeb\u00e5tene\" \/>\n<meta property=\"og:description\" content=\"Manche Fragen werden h\u00e4ufiger gestellt als andere. Hier beantworten wird die am h\u00e4ufigsten gestellten Fragen.\" \/>\n<meta property=\"og:url\" content=\"https:\/\/dev.gjende.no\/informasjon\/ofte-stilte-sporsmal\/\" \/>\n<meta property=\"og:site_name\" content=\"Gjendeb\u00e5tene\" \/>\n<meta property=\"article:modified_time\" content=\"2024-10-08T16:45:36+00:00\" \/>\n<meta property=\"og:image\" content=\"https:\/\/dev.gjende.no\/wp-content\/uploads\/2021\/01\/billettor-gjendebatene.jpg\" \/>\n\t<meta property=\"og:image:width\" content=\"2000\" \/>\n\t<meta property=\"og:image:height\" content=\"1333\" \/>\n\t<meta property=\"og:image:type\" content=\"image\/jpeg\" \/>\n<meta name=\"twitter:card\" content=\"summary_large_image\" \/>\n<meta name=\"twitter:label1\" content=\"Est. reading time\" \/>\n\t<meta name=\"twitter:data1\" content=\"1 minute\" \/>\n<script type=\"application\/ld+json\" class=\"yoast-schema-graph\">{\"@context\":\"https:\\\/\\\/schema.org\",\"@graph\":[{\"@type\":\"WebPage\",\"@id\":\"https:\\\/\\\/dev.gjende.no\\\/informasjon\\\/ofte-stilte-sporsmal\\\/\",\"url\":\"https:\\\/\\\/dev.gjende.no\\\/informasjon\\\/ofte-stilte-sporsmal\\\/\",\"name\":\"H\u00e4ufig gestellte Fragen - Gjendeb\u00e5tene\",\"isPartOf\":{\"@id\":\"https:\\\/\\\/dev.gjende.no\\\/#website\"},\"primaryImageOfPage\":{\"@id\":\"https:\\\/\\\/dev.gjende.no\\\/informasjon\\\/ofte-stilte-sporsmal\\\/#primaryimage\"},\"image\":{\"@id\":\"https:\\\/\\\/dev.gjende.no\\\/informasjon\\\/ofte-stilte-sporsmal\\\/#primaryimage\"},\"thumbnailUrl\":\"https:\\\/\\\/dev.gjende.no\\\/wp-content\\\/uploads\\\/2021\\\/01\\\/billettor-gjendebatene.jpg\",\"datePublished\":\"2017-02-20T19:56:32+00:00\",\"dateModified\":\"2024-10-08T16:45:36+00:00\",\"description\":\"Manche Fragen werden h\u00e4ufiger gestellt als andere. Hier beantworten wird die am h\u00e4ufigsten gestellten Fragen.\",\"breadcrumb\":{\"@id\":\"https:\\\/\\\/dev.gjende.no\\\/informasjon\\\/ofte-stilte-sporsmal\\\/#breadcrumb\"},\"inLanguage\":\"de-DE\",\"potentialAction\":[{\"@type\":\"ReadAction\",\"target\":[\"https:\\\/\\\/dev.gjende.no\\\/informasjon\\\/ofte-stilte-sporsmal\\\/\"]}]},{\"@type\":\"ImageObject\",\"inLanguage\":\"de-DE\",\"@id\":\"https:\\\/\\\/dev.gjende.no\\\/informasjon\\\/ofte-stilte-sporsmal\\\/#primaryimage\",\"url\":\"https:\\\/\\\/dev.gjende.no\\\/wp-content\\\/uploads\\\/2021\\\/01\\\/billettor-gjendebatene.jpg\",\"contentUrl\":\"https:\\\/\\\/dev.gjende.no\\\/wp-content\\\/uploads\\\/2021\\\/01\\\/billettor-gjendebatene.jpg\",\"width\":2000,\"height\":1333,\"caption\":\"billett\u00f8r p\u00e5 gjendeb\u00e5tene som hjelper person som skal ta b\u00e5ten\"},{\"@type\":\"BreadcrumbList\",\"@id\":\"https:\\\/\\\/dev.gjende.no\\\/informasjon\\\/ofte-stilte-sporsmal\\\/#breadcrumb\",\"itemListElement\":[{\"@type\":\"ListItem\",\"position\":1,\"name\":\"Hjem\",\"item\":\"https:\\\/\\\/dev.gjende.no\\\/\"},{\"@type\":\"ListItem\",\"position\":2,\"name\":\"Praktische Info und Preise\",\"item\":\"https:\\\/\\\/dev.gjende.no\\\/informasjon\\\/\"},{\"@type\":\"ListItem\",\"position\":3,\"name\":\"H\u00e4ufig gestellte Fragen\"}]},{\"@type\":\"WebSite\",\"@id\":\"https:\\\/\\\/dev.gjende.no\\\/#website\",\"url\":\"https:\\\/\\\/dev.gjende.no\\\/\",\"name\":\"Gjendeb\u00e5tene\",\"description\":\"Velkommen til Gjende og Jotunheimen\",\"potentialAction\":[{\"@type\":\"SearchAction\",\"target\":{\"@type\":\"EntryPoint\",\"urlTemplate\":\"https:\\\/\\\/dev.gjende.no\\\/?s={search_term_string}\"},\"query-input\":{\"@type\":\"PropertyValueSpecification\",\"valueRequired\":true,\"valueName\":\"search_term_string\"}}],\"inLanguage\":\"de-DE\"}]}<\/script>\n<!-- \/ Yoast SEO plugin. -->","yoast_head_json":{"title":"H\u00e4ufig gestellte Fragen - Gjendeb\u00e5tene","description":"Manche Fragen werden h\u00e4ufiger gestellt als andere. Hier beantworten wird die am h\u00e4ufigsten gestellten Fragen.","robots":{"index":"index","follow":"follow","max-snippet":"max-snippet:-1","max-image-preview":"max-image-preview:large","max-video-preview":"max-video-preview:-1"},"canonical":"https:\/\/dev.gjende.no\/informasjon\/ofte-stilte-sporsmal\/","og_locale":"de_DE","og_type":"article","og_title":"H\u00e4ufig gestellte Fragen - Gjendeb\u00e5tene","og_description":"Manche Fragen werden h\u00e4ufiger gestellt als andere. Hier beantworten wird die am h\u00e4ufigsten gestellten Fragen.","og_url":"https:\/\/dev.gjende.no\/informasjon\/ofte-stilte-sporsmal\/","og_site_name":"Gjendeb\u00e5tene","article_modified_time":"2024-10-08T16:45:36+00:00","og_image":[{"width":2000,"height":1333,"url":"https:\/\/dev.gjende.no\/wp-content\/uploads\/2021\/01\/billettor-gjendebatene.jpg","type":"image\/jpeg"}],"twitter_card":"summary_large_image","twitter_misc":{"Est. reading time":"1 minute"},"schema":{"@context":"https:\/\/schema.org","@graph":[{"@type":"WebPage","@id":"https:\/\/dev.gjende.no\/informasjon\/ofte-stilte-sporsmal\/","url":"https:\/\/dev.gjende.no\/informasjon\/ofte-stilte-sporsmal\/","name":"H\u00e4ufig gestellte Fragen - Gjendeb\u00e5tene","isPartOf":{"@id":"https:\/\/dev.gjende.no\/#website"},"primaryImageOfPage":{"@id":"https:\/\/dev.gjende.no\/informasjon\/ofte-stilte-sporsmal\/#primaryimage"},"image":{"@id":"https:\/\/dev.gjende.no\/informasjon\/ofte-stilte-sporsmal\/#primaryimage"},"thumbnailUrl":"https:\/\/dev.gjende.no\/wp-content\/uploads\/2021\/01\/billettor-gjendebatene.jpg","datePublished":"2017-02-20T19:56:32+00:00","dateModified":"2024-10-08T16:45:36+00:00","description":"Manche Fragen werden h\u00e4ufiger gestellt als andere. Hier beantworten wird die am h\u00e4ufigsten gestellten Fragen.","breadcrumb":{"@id":"https:\/\/dev.gjende.no\/informasjon\/ofte-stilte-sporsmal\/#breadcrumb"},"inLanguage":"de-DE","potentialAction":[{"@type":"ReadAction","target":["https:\/\/dev.gjende.no\/informasjon\/ofte-stilte-sporsmal\/"]}]},{"@type":"ImageObject","inLanguage":"de-DE","@id":"https:\/\/dev.gjende.no\/informasjon\/ofte-stilte-sporsmal\/#primaryimage","url":"https:\/\/dev.gjende.no\/wp-content\/uploads\/2021\/01\/billettor-gjendebatene.jpg","contentUrl":"https:\/\/dev.gjende.no\/wp-content\/uploads\/2021\/01\/billettor-gjendebatene.jpg","width":2000,"height":1333,"caption":"billett\u00f8r p\u00e5 gjendeb\u00e5tene som hjelper person som skal ta b\u00e5ten"},{"@type":"BreadcrumbList","@id":"https:\/\/dev.gjende.no\/informasjon\/ofte-stilte-sporsmal\/#breadcrumb","itemListElement":[{"@type":"ListItem","position":1,"name":"Hjem","item":"https:\/\/dev.gjende.no\/"},{"@type":"ListItem","position":2,"name":"Praktische Info und Preise","item":"https:\/\/dev.gjende.no\/informasjon\/"},{"@type":"ListItem","position":3,"name":"H\u00e4ufig gestellte Fragen"}]},{"@type":"WebSite","@id":"https:\/\/dev.gjende.no\/#website","url":"https:\/\/dev.gjende.no\/","name":"Gjendeb\u00e5tene","description":"Velkommen til Gjende og Jotunheimen","potentialAction":[{"@type":"SearchAction","target":{"@type":"EntryPoint","urlTemplate":"https:\/\/dev.gjende.no\/?s={search_term_string}"},"query-input":{"@type":"PropertyValueSpecification","valueRequired":true,"valueName":"search_term_string"}}],"inLanguage":"de-DE"}]}},"_links":{"self":[{"href":"https:\/\/dev.gjende.no\/de\/wp-json\/wp\/v2\/pages\/12487","targetHints":{"allow":["GET"]}}],"collection":[{"href":"https:\/\/dev.gjende.no\/de\/wp-json\/wp\/v2\/pages"}],"about":[{"href":"https:\/\/dev.gjende.no\/de\/wp-json\/wp\/v2\/types\/page"}],"author":[{"embeddable":true,"href":"https:\/\/dev.gjende.no\/de\/wp-json\/wp\/v2\/users\/1"}],"replies":[{"embeddable":true,"href":"https:\/\/dev.gjende.no\/de\/wp-json\/wp\/v2\/comments?post=12487"}],"version-history":[{"count":0,"href":"https:\/\/dev.gjende.no\/de\/wp-json\/wp\/v2\/pages\/12487\/revisions"}],"up":[{"embeddable":true,"href":"https:\/\/dev.gjende.no\/de\/wp-json\/wp\/v2\/pages\/40669"}],"wp:featuredmedia":[{"embeddable":true,"href":"https:\/\/dev.gjende.no\/de\/wp-json\/wp\/v2\/media\/129756"}],"wp:attachment":[{"href":"https:\/\/dev.gjende.no\/de\/wp-json\/wp\/v2\/media?parent=12487"}],"curies":[{"name":"wp","href":"https:\/\/api.w.org\/{rel}","templated":true}]}}