{"id":12481,"date":"2017-02-20T20:50:52","date_gmt":"2017-02-20T19:50:52","guid":{"rendered":"https:\/\/dev.gjende.no\/?page_id=12481\/"},"modified":"2017-02-20T20:50:52","modified_gmt":"2017-02-20T19:50:52","slug":"wanderung-ueber-den-besseggengrat","status":"publish","type":"page","link":"https:\/\/dev.gjende.no\/de\/wanderung-ueber-den-besseggengrat\/","title":{"rendered":"Wanderung \u00fcber den Besseggengrat"},"content":{"rendered":"<p><a href=\"http:\/\/www.gjende.no\/utvikling\/wp\/wp-content\/uploads\/2015\/06\/besseggen.jpg\"><img loading=\"lazy\" decoding=\"async\" class=\"alignnone size-large wp-image-1086\" src=\"http:\/\/www.gjende.no\/utvikling\/wp\/wp-content\/uploads\/2015\/06\/besseggen-1024x640.jpg\" alt=\"besseggen\" width=\"1024\" height=\"640\" srcset=\"https:\/\/dev.gjende.no\/wp-content\/uploads\/2015\/06\/besseggen-1024x640.jpg 1024w, https:\/\/dev.gjende.no\/wp-content\/uploads\/2015\/06\/besseggen-300x188.jpg 300w, https:\/\/dev.gjende.no\/wp-content\/uploads\/2015\/06\/besseggen-768x480.jpg 768w, https:\/\/dev.gjende.no\/wp-content\/uploads\/2015\/06\/besseggen-1536x960.jpg 1536w, https:\/\/dev.gjende.no\/wp-content\/uploads\/2015\/06\/besseggen.jpg 1920w\" sizes=\"auto, (max-width: 1024px) 100vw, 1024px\" \/><\/a><\/p>\n<p>In der ersten Stunde geht es von der H\u00fctte Memurubu ziemlich steil bergan, anschlie\u00dfend wird der Weg flacher und f\u00fchrt \u00fcber den Grat Bandet zwischen den Seen Bessvatn (1374 m \u00fc. M.) und Gjende (984 m \u00fc. M.). Die Stelle ist ein beliebter Ort f\u00fcr eine Rast. Von hier aus l\u00e4sst sich die Aussicht auf den dunkelblauen See Bessvatn und den smaragdgr\u00fcnen Gjendesee hervorragend genie\u00dfen, bevor es auf den eigentlichen Grat geht. Hier f\u00e4llt die Bergwand ca. 400 Meter senkrecht zum Gjendesee ab. Teilweise ist der Grat ziemlich schmal, an manchen Stellen kann es bei Gegenverkehr schwierig werden. Aber mit guter Zusammenarbeit l\u00e4sst sich alles l\u00f6sen!<\/p>\n<p>Auch auf dem h\u00f6chsten Punkt des Grats machen viele Rast und verzehren ihren Proviant, sofern nicht bereits auf dem \u201eBandet\u201c geschehen. Lassen Sie sich dabei auf keinen Fall den Blick \u00fcber den Gjendesee und das Gjendealpene-Gebiet zu entgehen! Ein deutlich ausgetretener Pfad f\u00fchrt \u00fcber das Vesljefell zur H\u00fctte Gjendesheim. Auf dem Gipfel kommt man an einem gro\u00dfen Steinhaufen vorbei, der den h\u00f6chsten Punkt der Tour, 1743 m. \u00fc. M, markiert. Ungef\u00e4hr einen Kilometer von der H\u00fctte Gjendesheim teilt sich der Weg in zwei, der linke f\u00fchrt zu den H\u00fctten Glitterheim und Bessheim, der andere f\u00fchrt hinunter Richtung Gjendesheim und Gjendesee. Die Strecke hinunter vom Veslefjell ist teilweise ziemlich steil, jedoch gut begehbar.<\/p>\n<p>Wer die zweite Touralternative, von der H\u00fctte Gjendesheim zur H\u00fctte Memurubu \u00fcber den Besseggengrat w\u00e4hlt, hat die beste Aussicht! Die Tour ist deshalb anspruchsvoller, weil Sie den steilsten Abschnitt des Grats hinunterf\u00fchrt. Wer H\u00f6henangst hat, kann hier Probleme bekommen. Wer sich f\u00fcr seine Wanderung \u00fcber den Besseggengrat dennoch f\u00fcr diesen Weg entscheidet, wird auf der ganzen Strecke mit einer fantastischen Aussicht auf das Berggebiet Jotunheimen belohnt. Bei der H\u00fctte Memurubu angelangt, k\u00f6nnen Sie entweder \u00fcbernachten oder mit dem Schiff zur\u00fcck zur H\u00fctte Gjendesheim fahren.<\/p>\n","protected":false},"excerpt":{"rendered":"<p>In der ersten Stunde geht es von der H\u00fctte Memurubu ziemlich steil bergan, anschlie\u00dfend wird der Weg flacher und f\u00fchrt \u00fcber den Grat Bandet zwischen den Seen Bessvatn (1374 m \u00fc. M.) und Gjende (984 m \u00fc. M.). Die Stelle ist ein beliebter Ort f\u00fcr eine Rast. Von hier aus l\u00e4sst sich die Aussicht auf [&hellip;]<\/p>\n","protected":false},"author":1,"featured_media":63331,"parent":0,"menu_order":0,"comment_status":"open","ping_status":"open","template":"","meta":{"_acf_changed":false,"footnotes":""},"class_list":["post-12481","page","type-page","status-publish","has-post-thumbnail","hentry"],"acf":[],"yoast_head":"<!-- This site is optimized with the Yoast SEO plugin v27.3 - https:\/\/yoast.com\/product\/yoast-seo-wordpress\/ -->\n<title>Wanderung \u00fcber den Besseggengrat - Gjendeb\u00e5tene<\/title>\n<meta name=\"robots\" content=\"index, follow, max-snippet:-1, max-image-preview:large, max-video-preview:-1\" \/>\n<link rel=\"canonical\" href=\"https:\/\/dev.gjende.no\/ga-besseggen\/\" \/>\n<meta property=\"og:locale\" content=\"de_DE\" \/>\n<meta property=\"og:type\" content=\"article\" \/>\n<meta property=\"og:title\" content=\"Wanderung \u00fcber den Besseggengrat - Gjendeb\u00e5tene\" \/>\n<meta property=\"og:description\" content=\"In der ersten Stunde geht es von der H\u00fctte Memurubu ziemlich steil bergan, anschlie\u00dfend wird der Weg flacher und f\u00fchrt \u00fcber den Grat Bandet zwischen den Seen Bessvatn (1374 m \u00fc. M.) und Gjende (984 m \u00fc. M.). Die Stelle ist ein beliebter Ort f\u00fcr eine Rast. Von hier aus l\u00e4sst sich die Aussicht auf [&hellip;]\" \/>\n<meta property=\"og:url\" content=\"https:\/\/dev.gjende.no\/ga-besseggen\/\" \/>\n<meta property=\"og:site_name\" content=\"Gjendeb\u00e5tene\" \/>\n<meta property=\"og:image\" content=\"https:\/\/dev.gjende.no\/wp-content\/uploads\/2017\/02\/MG_9345-scaled.jpg\" \/>\n\t<meta property=\"og:image:width\" content=\"2560\" \/>\n\t<meta property=\"og:image:height\" content=\"1707\" \/>\n\t<meta property=\"og:image:type\" content=\"image\/jpeg\" \/>\n<meta name=\"twitter:card\" content=\"summary_large_image\" \/>\n<meta name=\"twitter:label1\" content=\"Est. reading time\" \/>\n\t<meta name=\"twitter:data1\" content=\"2 minutes\" \/>\n<script type=\"application\/ld+json\" class=\"yoast-schema-graph\">{\"@context\":\"https:\\\/\\\/schema.org\",\"@graph\":[{\"@type\":\"WebPage\",\"@id\":\"https:\\\/\\\/dev.gjende.no\\\/ga-besseggen\\\/\",\"url\":\"https:\\\/\\\/dev.gjende.no\\\/ga-besseggen\\\/\",\"name\":\"Wanderung \u00fcber den Besseggengrat - Gjendeb\u00e5tene\",\"isPartOf\":{\"@id\":\"https:\\\/\\\/dev.gjende.no\\\/#website\"},\"primaryImageOfPage\":{\"@id\":\"https:\\\/\\\/dev.gjende.no\\\/ga-besseggen\\\/#primaryimage\"},\"image\":{\"@id\":\"https:\\\/\\\/dev.gjende.no\\\/ga-besseggen\\\/#primaryimage\"},\"thumbnailUrl\":\"https:\\\/\\\/dev.gjende.no\\\/wp-content\\\/uploads\\\/2017\\\/02\\\/MG_9345-scaled.jpg\",\"datePublished\":\"2017-02-20T19:50:52+00:00\",\"breadcrumb\":{\"@id\":\"https:\\\/\\\/dev.gjende.no\\\/ga-besseggen\\\/#breadcrumb\"},\"inLanguage\":\"de-DE\",\"potentialAction\":[{\"@type\":\"ReadAction\",\"target\":[\"https:\\\/\\\/dev.gjende.no\\\/ga-besseggen\\\/\"]}]},{\"@type\":\"ImageObject\",\"inLanguage\":\"de-DE\",\"@id\":\"https:\\\/\\\/dev.gjende.no\\\/ga-besseggen\\\/#primaryimage\",\"url\":\"https:\\\/\\\/dev.gjende.no\\\/wp-content\\\/uploads\\\/2017\\\/02\\\/MG_9345-scaled.jpg\",\"contentUrl\":\"https:\\\/\\\/dev.gjende.no\\\/wp-content\\\/uploads\\\/2017\\\/02\\\/MG_9345-scaled.jpg\",\"width\":2560,\"height\":1707,\"caption\":\"person som nyter utsikten n\u00e5r hun g\u00e5r Besseggen\"},{\"@type\":\"BreadcrumbList\",\"@id\":\"https:\\\/\\\/dev.gjende.no\\\/ga-besseggen\\\/#breadcrumb\",\"itemListElement\":[{\"@type\":\"ListItem\",\"position\":1,\"name\":\"Hjem\",\"item\":\"https:\\\/\\\/dev.gjende.no\\\/\"},{\"@type\":\"ListItem\",\"position\":2,\"name\":\"Wanderung \u00fcber den Besseggengrat\"}]},{\"@type\":\"WebSite\",\"@id\":\"https:\\\/\\\/dev.gjende.no\\\/#website\",\"url\":\"https:\\\/\\\/dev.gjende.no\\\/\",\"name\":\"Gjendeb\u00e5tene\",\"description\":\"Velkommen til Gjende og Jotunheimen\",\"potentialAction\":[{\"@type\":\"SearchAction\",\"target\":{\"@type\":\"EntryPoint\",\"urlTemplate\":\"https:\\\/\\\/dev.gjende.no\\\/?s={search_term_string}\"},\"query-input\":{\"@type\":\"PropertyValueSpecification\",\"valueRequired\":true,\"valueName\":\"search_term_string\"}}],\"inLanguage\":\"de-DE\"}]}<\/script>\n<!-- \/ Yoast SEO plugin. -->","yoast_head_json":{"title":"Wanderung \u00fcber den Besseggengrat - Gjendeb\u00e5tene","robots":{"index":"index","follow":"follow","max-snippet":"max-snippet:-1","max-image-preview":"max-image-preview:large","max-video-preview":"max-video-preview:-1"},"canonical":"https:\/\/dev.gjende.no\/ga-besseggen\/","og_locale":"de_DE","og_type":"article","og_title":"Wanderung \u00fcber den Besseggengrat - Gjendeb\u00e5tene","og_description":"In der ersten Stunde geht es von der H\u00fctte Memurubu ziemlich steil bergan, anschlie\u00dfend wird der Weg flacher und f\u00fchrt \u00fcber den Grat Bandet zwischen den Seen Bessvatn (1374 m \u00fc. M.) und Gjende (984 m \u00fc. M.). Die Stelle ist ein beliebter Ort f\u00fcr eine Rast. Von hier aus l\u00e4sst sich die Aussicht auf [&hellip;]","og_url":"https:\/\/dev.gjende.no\/ga-besseggen\/","og_site_name":"Gjendeb\u00e5tene","og_image":[{"width":2560,"height":1707,"url":"https:\/\/dev.gjende.no\/wp-content\/uploads\/2017\/02\/MG_9345-scaled.jpg","type":"image\/jpeg"}],"twitter_card":"summary_large_image","twitter_misc":{"Est. reading time":"2 minutes"},"schema":{"@context":"https:\/\/schema.org","@graph":[{"@type":"WebPage","@id":"https:\/\/dev.gjende.no\/ga-besseggen\/","url":"https:\/\/dev.gjende.no\/ga-besseggen\/","name":"Wanderung \u00fcber den Besseggengrat - Gjendeb\u00e5tene","isPartOf":{"@id":"https:\/\/dev.gjende.no\/#website"},"primaryImageOfPage":{"@id":"https:\/\/dev.gjende.no\/ga-besseggen\/#primaryimage"},"image":{"@id":"https:\/\/dev.gjende.no\/ga-besseggen\/#primaryimage"},"thumbnailUrl":"https:\/\/dev.gjende.no\/wp-content\/uploads\/2017\/02\/MG_9345-scaled.jpg","datePublished":"2017-02-20T19:50:52+00:00","breadcrumb":{"@id":"https:\/\/dev.gjende.no\/ga-besseggen\/#breadcrumb"},"inLanguage":"de-DE","potentialAction":[{"@type":"ReadAction","target":["https:\/\/dev.gjende.no\/ga-besseggen\/"]}]},{"@type":"ImageObject","inLanguage":"de-DE","@id":"https:\/\/dev.gjende.no\/ga-besseggen\/#primaryimage","url":"https:\/\/dev.gjende.no\/wp-content\/uploads\/2017\/02\/MG_9345-scaled.jpg","contentUrl":"https:\/\/dev.gjende.no\/wp-content\/uploads\/2017\/02\/MG_9345-scaled.jpg","width":2560,"height":1707,"caption":"person som nyter utsikten n\u00e5r hun g\u00e5r Besseggen"},{"@type":"BreadcrumbList","@id":"https:\/\/dev.gjende.no\/ga-besseggen\/#breadcrumb","itemListElement":[{"@type":"ListItem","position":1,"name":"Hjem","item":"https:\/\/dev.gjende.no\/"},{"@type":"ListItem","position":2,"name":"Wanderung \u00fcber den Besseggengrat"}]},{"@type":"WebSite","@id":"https:\/\/dev.gjende.no\/#website","url":"https:\/\/dev.gjende.no\/","name":"Gjendeb\u00e5tene","description":"Velkommen til Gjende og Jotunheimen","potentialAction":[{"@type":"SearchAction","target":{"@type":"EntryPoint","urlTemplate":"https:\/\/dev.gjende.no\/?s={search_term_string}"},"query-input":{"@type":"PropertyValueSpecification","valueRequired":true,"valueName":"search_term_string"}}],"inLanguage":"de-DE"}]}},"_links":{"self":[{"href":"https:\/\/dev.gjende.no\/de\/wp-json\/wp\/v2\/pages\/12481","targetHints":{"allow":["GET"]}}],"collection":[{"href":"https:\/\/dev.gjende.no\/de\/wp-json\/wp\/v2\/pages"}],"about":[{"href":"https:\/\/dev.gjende.no\/de\/wp-json\/wp\/v2\/types\/page"}],"author":[{"embeddable":true,"href":"https:\/\/dev.gjende.no\/de\/wp-json\/wp\/v2\/users\/1"}],"replies":[{"embeddable":true,"href":"https:\/\/dev.gjende.no\/de\/wp-json\/wp\/v2\/comments?post=12481"}],"version-history":[{"count":0,"href":"https:\/\/dev.gjende.no\/de\/wp-json\/wp\/v2\/pages\/12481\/revisions"}],"wp:featuredmedia":[{"embeddable":true,"href":"https:\/\/dev.gjende.no\/de\/wp-json\/wp\/v2\/media\/63331"}],"wp:attachment":[{"href":"https:\/\/dev.gjende.no\/de\/wp-json\/wp\/v2\/media?parent=12481"}],"curies":[{"name":"wp","href":"https:\/\/api.w.org\/{rel}","templated":true}]}}